{"id":159601,"date":"2024-11-13T18:53:23","date_gmt":"2024-11-13T18:53:23","guid":{"rendered":"https:\/\/my.stlflix.com\/help_export\/"},"modified":"2024-11-18T13:54:45","modified_gmt":"2024-11-18T13:54:45","slug":"help_export","status":"publish","type":"page","link":"https:\/\/www.monitorstlflix.online\/tr\/help_export\/","title":{"rendered":"Help_Export"},"content":{"rendered":"\t\t<div data-elementor-type=\"wp-page\" data-elementor-id=\"159601\" class=\"elementor elementor-159601\" data-elementor-post-type=\"page\">\n\t\t\t\t<div class=\"elementor-element elementor-element-7bc1057 e-flex e-con-boxed e-con e-parent\" data-id=\"7bc1057\" data-element_type=\"container\">\n\t\t\t\t\t<div class=\"e-con-inner\">\n\t\t<div class=\"elementor-element elementor-element-e01344b e-con-full e-flex e-con e-child\" data-id=\"e01344b\" data-element_type=\"container\">\n\t\t\t\t<div class=\"elementor-element elementor-element-b90d16a elementor-view-default elementor-widget elementor-widget-icon\" data-id=\"b90d16a\" data-element_type=\"widget\" data-widget_type=\"icon.default\">\n\t\t\t\t<div class=\"elementor-widget-container\">\n\t\t\t\t\t\t\t<div class=\"elementor-icon-wrapper\">\n\t\t\t<a class=\"elementor-icon\" href=\"https:\/\/my.stlflix.com\/tr\/help\">\n\t\t\t<svg aria-hidden=\"true\" class=\"e-font-icon-svg e-fas-arrow-left\" viewBox=\"0 0 448 512\" xmlns=\"http:\/\/www.w3.org\/2000\/svg\"><path d=\"M257.5 445.1l-22.2 22.2c-9.4 9.4-24.6 9.4-33.9 0L7 273c-9.4-9.4-9.4-24.6 0-33.9L201.4 44.7c9.4-9.4 24.6-9.4 33.9 0l22.2 22.2c9.5 9.5 9.3 25-.4 34.3L136.6 216H424c13.3 0 24 10.7 24 24v32c0 13.3-10.7 24-24 24H136.6l120.5 114.8c9.8 9.3 10 24.8.4 34.3z\"><\/path><\/svg>\t\t\t<\/a>\n\t\t<\/div>\n\t\t\t\t\t\t<\/div>\n\t\t\t\t<\/div>\n\t\t\t\t<div class=\"elementor-element elementor-element-203d00f elementor-widget elementor-widget-heading\" data-id=\"203d00f\" data-element_type=\"widget\" data-widget_type=\"heading.default\">\n\t\t\t\t<div class=\"elementor-widget-container\">\n\t\t\t\t\t<h2 class=\"elementor-heading-title elementor-size-default\"><a href=\"https:\/\/my.stlflix.com\/tr\/help\">Yard\u0131m Men\u00fcs\u00fcne Geri D\u00f6n<\/a><\/h2>\t\t\t\t<\/div>\n\t\t\t\t<\/div>\n\t\t\t\t<\/div>\n\t\t\t\t<div class=\"elementor-element elementor-element-424ab0d elementor-widget elementor-widget-heading\" data-id=\"424ab0d\" data-element_type=\"widget\" data-widget_type=\"heading.default\">\n\t\t\t\t<div class=\"elementor-widget-container\">\n\t\t\t\t\t<h2 class=\"elementor-heading-title elementor-size-default\">Eski Sat\u0131c\u0131 koleksiyonumu yeni \u00fcr\u00fcn alan\u0131na nas\u0131l aktarabilirim?<\/h2>\t\t\t\t<\/div>\n\t\t\t\t<\/div>\n\t\t\t\t<div class=\"elementor-element elementor-element-0261231 elementor-widget elementor-widget-text-editor\" data-id=\"0261231\" data-element_type=\"widget\" data-widget_type=\"text-editor.default\">\n\t\t\t\t<div class=\"elementor-widget-container\">\n\t\t\t\t\t\t\t\t\t<p>E\u011fer daha \u00f6nce ayr\u0131 dosyalarla bir sat\u0131c\u0131 katalog klas\u00f6r\u00fcn\u00fcz varsa ve bunlar\u0131 MYSTORE\u2019da \u00fcr\u00fcnlerinizi kaydetmek i\u00e7in aktarmak istiyorsan\u0131z, bu i\u015flem olduk\u00e7a basittir:<\/p><p>Platformda, kullan\u0131c\u0131 alan\u0131na gidin ve sol men\u00fcde &#8220;Sat\u0131c\u0131 Koleksiyonlar\u0131&#8221; se\u00e7ene\u011fini se\u00e7in. Ard\u0131ndan, istedi\u011finiz kartta yer alan d\u0131\u015fa aktarma simgesine t\u0131klay\u0131n ve birka\u00e7 saniye bekleyin. \u00dcr\u00fcnleriniz k\u0131sa s\u00fcre i\u00e7inde MYSTORE \u00fcr\u00fcn y\u00f6neticinize kaydedilecektir.<\/p>\t\t\t\t\t\t\t\t<\/div>\n\t\t\t\t<\/div>\n\t\t\t\t<div class=\"elementor-element elementor-element-3f8afd4 elementor-widget elementor-widget-image\" data-id=\"3f8afd4\" data-element_type=\"widget\" data-widget_type=\"image.default\">\n\t\t\t\t<div class=\"elementor-widget-container\">\n\t\t\t\t\t\t\t\t\t\t\t\t\t\t\t<img fetchpriority=\"high\" decoding=\"async\" width=\"600\" height=\"348\" src=\"https:\/\/www.monitorstlflix.online\/wp-content\/uploads\/2024\/06\/gif_export.gif\" class=\"attachment-large size-large wp-image-41884\" alt=\"\" \/>\t\t\t\t\t\t\t\t\t\t\t\t\t\t\t<\/div>\n\t\t\t\t<\/div>\n\t\t\t\t\t<\/div>\n\t\t\t\t<\/div>\n\t\t\t\t<\/div>\n\t\t","protected":false},"excerpt":{"rendered":"<p>Yard\u0131m Men\u00fcs\u00fcne Geri D\u00f6n Eski Sat\u0131c\u0131 koleksiyonumu yeni \u00fcr\u00fcn alan\u0131na nas\u0131l aktarabilirim? E\u011fer daha \u00f6nce ayr\u0131 dosyalarla bir sat\u0131c\u0131 katalog klas\u00f6r\u00fcn\u00fcz varsa ve bunlar\u0131 MYSTORE\u2019da \u00fcr\u00fcnlerinizi kaydetmek i\u00e7in aktarmak istiyorsan\u0131z, bu i\u015flem olduk\u00e7a basittir: Platformda, kullan\u0131c\u0131 alan\u0131na gidin ve sol men\u00fcde &#8220;Sat\u0131c\u0131 Koleksiyonlar\u0131&#8221; se\u00e7ene\u011fini se\u00e7in. Ard\u0131ndan, istedi\u011finiz kartta yer alan d\u0131\u015fa aktarma simgesine t\u0131klay\u0131n ve [&hellip;]<\/p>\n","protected":false},"author":358,"featured_media":0,"parent":0,"menu_order":0,"comment_status":"closed","ping_status":"closed","template":"","meta":{"footnotes":""},"class_list":["post-159601","page","type-page","status-publish","hentry"],"yoast_head":"<!-- This site is optimized with the Yoast SEO plugin v25.1 - https:\/\/yoast.com\/wordpress\/plugins\/seo\/ -->\n<title>Help_Export - MyStore - By STLFLIX<\/title>\n<meta name=\"robots\" content=\"index, follow, max-snippet:-1, max-image-preview:large, max-video-preview:-1\" \/>\n<link rel=\"canonical\" href=\"https:\/\/my.stlflix.com\/help_export\/\" \/>\n<meta property=\"og:locale\" content=\"tr_TR\" \/>\n<meta property=\"og:type\" content=\"article\" \/>\n<meta property=\"og:title\" content=\"Help_Export - MyStore - By STLFLIX\" \/>\n<meta property=\"og:description\" content=\"Yard\u0131m Men\u00fcs\u00fcne Geri D\u00f6n Eski Sat\u0131c\u0131 koleksiyonumu yeni \u00fcr\u00fcn alan\u0131na nas\u0131l aktarabilirim? E\u011fer daha \u00f6nce ayr\u0131 dosyalarla bir sat\u0131c\u0131 katalog klas\u00f6r\u00fcn\u00fcz varsa ve bunlar\u0131 MYSTORE\u2019da \u00fcr\u00fcnlerinizi kaydetmek i\u00e7in aktarmak istiyorsan\u0131z, bu i\u015flem olduk\u00e7a basittir: Platformda, kullan\u0131c\u0131 alan\u0131na gidin ve sol men\u00fcde &#8220;Sat\u0131c\u0131 Koleksiyonlar\u0131&#8221; se\u00e7ene\u011fini se\u00e7in. Ard\u0131ndan, istedi\u011finiz kartta yer alan d\u0131\u015fa aktarma simgesine t\u0131klay\u0131n ve [&hellip;]\" \/>\n<meta property=\"og:url\" content=\"https:\/\/my.stlflix.com\/help_export\/\" \/>\n<meta property=\"og:site_name\" content=\"MyStore - By STLFLIX\" \/>\n<meta property=\"article:publisher\" content=\"https:\/\/www.facebook.com\/STLFLIX\" \/>\n<meta property=\"article:modified_time\" content=\"2024-11-18T13:54:45+00:00\" \/>\n<meta property=\"og:image\" content=\"https:\/\/my.stlflix.com\/wp-content\/uploads\/2024\/06\/gif_export.gif\" \/>\n<meta name=\"twitter:card\" content=\"summary_large_image\" \/>\n<meta name=\"twitter:label1\" content=\"Est. reading time\" \/>\n\t<meta name=\"twitter:data1\" content=\"1 minute\" \/>\n<script type=\"application\/ld+json\" class=\"yoast-schema-graph\">{\"@context\":\"https:\/\/schema.org\",\"@graph\":[{\"@type\":\"WebPage\",\"@id\":\"https:\/\/my.stlflix.com\/help_export\/\",\"url\":\"https:\/\/my.stlflix.com\/help_export\/\",\"name\":\"Help_Export - MyStore - By STLFLIX\",\"isPartOf\":{\"@id\":\"https:\/\/my.stlflix.com\/tr\/#website\"},\"primaryImageOfPage\":{\"@id\":\"https:\/\/my.stlflix.com\/help_export\/#primaryimage\"},\"image\":{\"@id\":\"https:\/\/my.stlflix.com\/help_export\/#primaryimage\"},\"thumbnailUrl\":\"https:\/\/my.stlflix.com\/wp-content\/uploads\/2024\/06\/gif_export.gif\",\"datePublished\":\"2024-11-13T18:53:23+00:00\",\"dateModified\":\"2024-11-18T13:54:45+00:00\",\"breadcrumb\":{\"@id\":\"https:\/\/my.stlflix.com\/help_export\/#breadcrumb\"},\"inLanguage\":\"tr-TR\",\"potentialAction\":[{\"@type\":\"ReadAction\",\"target\":[\"https:\/\/my.stlflix.com\/help_export\/\"]}]},{\"@type\":\"ImageObject\",\"inLanguage\":\"tr-TR\",\"@id\":\"https:\/\/my.stlflix.com\/help_export\/#primaryimage\",\"url\":\"https:\/\/my.stlflix.com\/wp-content\/uploads\/2024\/06\/gif_export.gif\",\"contentUrl\":\"https:\/\/my.stlflix.com\/wp-content\/uploads\/2024\/06\/gif_export.gif\"},{\"@type\":\"BreadcrumbList\",\"@id\":\"https:\/\/my.stlflix.com\/help_export\/#breadcrumb\",\"itemListElement\":[{\"@type\":\"ListItem\",\"position\":1,\"name\":\"Home\",\"item\":\"https:\/\/my.stlflix.com\/\"},{\"@type\":\"ListItem\",\"position\":2,\"name\":\"Help_Export\"}]},{\"@type\":\"WebSite\",\"@id\":\"https:\/\/my.stlflix.com\/tr\/#website\",\"url\":\"https:\/\/my.stlflix.com\/tr\/\",\"name\":\"MyStore - By STLFLIX\",\"description\":\"\",\"publisher\":{\"@id\":\"https:\/\/my.stlflix.com\/tr\/#organization\"},\"potentialAction\":[{\"@type\":\"SearchAction\",\"target\":{\"@type\":\"EntryPoint\",\"urlTemplate\":\"https:\/\/my.stlflix.com\/tr\/?s={search_term_string}\"},\"query-input\":{\"@type\":\"PropertyValueSpecification\",\"valueRequired\":true,\"valueName\":\"search_term_string\"}}],\"inLanguage\":\"tr-TR\"},{\"@type\":\"Organization\",\"@id\":\"https:\/\/my.stlflix.com\/tr\/#organization\",\"name\":\"MyStore - By STLFLIX\",\"url\":\"https:\/\/my.stlflix.com\/tr\/\",\"logo\":{\"@type\":\"ImageObject\",\"inLanguage\":\"tr-TR\",\"@id\":\"https:\/\/my.stlflix.com\/tr\/#\/schema\/logo\/image\/\",\"url\":\"https:\/\/my.stlflix.com\/wp-content\/uploads\/2024\/06\/logo-mystore.png\",\"contentUrl\":\"https:\/\/my.stlflix.com\/wp-content\/uploads\/2024\/06\/logo-mystore.png\",\"width\":150,\"height\":41,\"caption\":\"MyStore - By STLFLIX\"},\"image\":{\"@id\":\"https:\/\/my.stlflix.com\/tr\/#\/schema\/logo\/image\/\"},\"sameAs\":[\"https:\/\/www.facebook.com\/STLFLIX\",\"https:\/\/www.instagram.com\/stlflix_\/\",\"https:\/\/www.tiktok.com\/@stlflix\"]}]}<\/script>\n<!-- \/ Yoast SEO plugin. -->","yoast_head_json":{"title":"Help_Export - MyStore - By STLFLIX","robots":{"index":"index","follow":"follow","max-snippet":"max-snippet:-1","max-image-preview":"max-image-preview:large","max-video-preview":"max-video-preview:-1"},"canonical":"https:\/\/my.stlflix.com\/help_export\/","og_locale":"tr_TR","og_type":"article","og_title":"Help_Export - MyStore - By STLFLIX","og_description":"Yard\u0131m Men\u00fcs\u00fcne Geri D\u00f6n Eski Sat\u0131c\u0131 koleksiyonumu yeni \u00fcr\u00fcn alan\u0131na nas\u0131l aktarabilirim? E\u011fer daha \u00f6nce ayr\u0131 dosyalarla bir sat\u0131c\u0131 katalog klas\u00f6r\u00fcn\u00fcz varsa ve bunlar\u0131 MYSTORE\u2019da \u00fcr\u00fcnlerinizi kaydetmek i\u00e7in aktarmak istiyorsan\u0131z, bu i\u015flem olduk\u00e7a basittir: Platformda, kullan\u0131c\u0131 alan\u0131na gidin ve sol men\u00fcde &#8220;Sat\u0131c\u0131 Koleksiyonlar\u0131&#8221; se\u00e7ene\u011fini se\u00e7in. Ard\u0131ndan, istedi\u011finiz kartta yer alan d\u0131\u015fa aktarma simgesine t\u0131klay\u0131n ve [&hellip;]","og_url":"https:\/\/my.stlflix.com\/help_export\/","og_site_name":"MyStore - By STLFLIX","article_publisher":"https:\/\/www.facebook.com\/STLFLIX","article_modified_time":"2024-11-18T13:54:45+00:00","og_image":[{"url":"https:\/\/my.stlflix.com\/wp-content\/uploads\/2024\/06\/gif_export.gif","type":"","width":"","height":""}],"twitter_card":"summary_large_image","twitter_misc":{"Est. reading time":"1 minute"},"schema":{"@context":"https:\/\/schema.org","@graph":[{"@type":"WebPage","@id":"https:\/\/my.stlflix.com\/help_export\/","url":"https:\/\/my.stlflix.com\/help_export\/","name":"Help_Export - MyStore - By STLFLIX","isPartOf":{"@id":"https:\/\/my.stlflix.com\/tr\/#website"},"primaryImageOfPage":{"@id":"https:\/\/my.stlflix.com\/help_export\/#primaryimage"},"image":{"@id":"https:\/\/my.stlflix.com\/help_export\/#primaryimage"},"thumbnailUrl":"https:\/\/my.stlflix.com\/wp-content\/uploads\/2024\/06\/gif_export.gif","datePublished":"2024-11-13T18:53:23+00:00","dateModified":"2024-11-18T13:54:45+00:00","breadcrumb":{"@id":"https:\/\/my.stlflix.com\/help_export\/#breadcrumb"},"inLanguage":"tr-TR","potentialAction":[{"@type":"ReadAction","target":["https:\/\/my.stlflix.com\/help_export\/"]}]},{"@type":"ImageObject","inLanguage":"tr-TR","@id":"https:\/\/my.stlflix.com\/help_export\/#primaryimage","url":"https:\/\/my.stlflix.com\/wp-content\/uploads\/2024\/06\/gif_export.gif","contentUrl":"https:\/\/my.stlflix.com\/wp-content\/uploads\/2024\/06\/gif_export.gif"},{"@type":"BreadcrumbList","@id":"https:\/\/my.stlflix.com\/help_export\/#breadcrumb","itemListElement":[{"@type":"ListItem","position":1,"name":"Home","item":"https:\/\/my.stlflix.com\/"},{"@type":"ListItem","position":2,"name":"Help_Export"}]},{"@type":"WebSite","@id":"https:\/\/my.stlflix.com\/tr\/#website","url":"https:\/\/my.stlflix.com\/tr\/","name":"MyStore - By STLFLIX","description":"","publisher":{"@id":"https:\/\/my.stlflix.com\/tr\/#organization"},"potentialAction":[{"@type":"SearchAction","target":{"@type":"EntryPoint","urlTemplate":"https:\/\/my.stlflix.com\/tr\/?s={search_term_string}"},"query-input":{"@type":"PropertyValueSpecification","valueRequired":true,"valueName":"search_term_string"}}],"inLanguage":"tr-TR"},{"@type":"Organization","@id":"https:\/\/my.stlflix.com\/tr\/#organization","name":"MyStore - By STLFLIX","url":"https:\/\/my.stlflix.com\/tr\/","logo":{"@type":"ImageObject","inLanguage":"tr-TR","@id":"https:\/\/my.stlflix.com\/tr\/#\/schema\/logo\/image\/","url":"https:\/\/my.stlflix.com\/wp-content\/uploads\/2024\/06\/logo-mystore.png","contentUrl":"https:\/\/my.stlflix.com\/wp-content\/uploads\/2024\/06\/logo-mystore.png","width":150,"height":41,"caption":"MyStore - By STLFLIX"},"image":{"@id":"https:\/\/my.stlflix.com\/tr\/#\/schema\/logo\/image\/"},"sameAs":["https:\/\/www.facebook.com\/STLFLIX","https:\/\/www.instagram.com\/stlflix_\/","https:\/\/www.tiktok.com\/@stlflix"]}]}},"_links":{"self":[{"href":"https:\/\/www.monitorstlflix.online\/tr\/wp-json\/wp\/v2\/pages\/159601","targetHints":{"allow":["GET"]}}],"collection":[{"href":"https:\/\/www.monitorstlflix.online\/tr\/wp-json\/wp\/v2\/pages"}],"about":[{"href":"https:\/\/www.monitorstlflix.online\/tr\/wp-json\/wp\/v2\/types\/page"}],"author":[{"embeddable":true,"href":"https:\/\/www.monitorstlflix.online\/tr\/wp-json\/wp\/v2\/users\/358"}],"replies":[{"embeddable":true,"href":"https:\/\/www.monitorstlflix.online\/tr\/wp-json\/wp\/v2\/comments?post=159601"}],"version-history":[{"count":5,"href":"https:\/\/www.monitorstlflix.online\/tr\/wp-json\/wp\/v2\/pages\/159601\/revisions"}],"predecessor-version":[{"id":160525,"href":"https:\/\/www.monitorstlflix.online\/tr\/wp-json\/wp\/v2\/pages\/159601\/revisions\/160525"}],"wp:attachment":[{"href":"https:\/\/www.monitorstlflix.online\/tr\/wp-json\/wp\/v2\/media?parent=159601"}],"curies":[{"name":"wp","href":"https:\/\/api.w.org\/{rel}","templated":true}]}}