{"id":522042,"date":"2026-02-06T20:16:41","date_gmt":"2026-02-06T20:16:41","guid":{"rendered":"https:\/\/my.stlflix.com\/?post_type=product&#038;p=522042"},"modified":"2026-02-06T20:52:27","modified_gmt":"2026-02-06T20:52:27","slug":"robot-claw-phone-holder-69864bd33a223","status":"publish","type":"product","link":"https:\/\/www.monitorstlflix.online\/pt-br\/product\/robot-claw-phone-holder-69864bd33a223\/","title":{"rendered":"Suporte Rob\u00f3tico"},"content":{"rendered":"<p data-start=\"0\" data-end=\"63\">\ud83e\uddbe <strong data-start=\"3\" data-end=\"58\"><span dir=\"auto\" style=\"vertical-align: inherit\"><span dir=\"auto\" style=\"vertical-align: inherit\"><span dir=\"auto\" style=\"vertical-align: inherit\"><span dir=\"auto\" style=\"vertical-align: inherit\"><span dir=\"auto\" style=\"vertical-align: inherit\"><span dir=\"auto\" style=\"vertical-align: inherit\"><span dir=\"auto\" style=\"vertical-align: inherit\"><span dir=\"auto\" style=\"vertical-align: inherit\"><span dir=\"auto\" style=\"vertical-align: inherit\"><span dir=\"auto\" style=\"vertical-align: inherit\">Suporte de Celular Rob\u00f3tico \u2013 Estilo Geek Futurista<\/span><\/span><\/span><\/span><\/span><\/span><\/span><\/span><\/span><\/span><\/strong> \ud83e\udd16<\/p>\n<p data-start=\"65\" data-end=\"342\"><span dir=\"auto\" style=\"vertical-align: inherit\"><span dir=\"auto\" style=\"vertical-align: inherit\"><span dir=\"auto\" style=\"vertical-align: inherit\"><span dir=\"auto\" style=\"vertical-align: inherit\"><span dir=\"auto\" style=\"vertical-align: inherit\"><span dir=\"auto\" style=\"vertical-align: inherit\"><span dir=\"auto\" style=\"vertical-align: inherit\"><span dir=\"auto\" style=\"vertical-align: inherit\"><span dir=\"auto\" style=\"vertical-align: inherit\"><span dir=\"auto\" style=\"vertical-align: inherit\">Transforme sua mesa em um verdadeiro laborat\u00f3rio de fic\u00e7\u00e3o cient\u00edfica! Este <\/span><\/span><\/span><\/span><\/span><\/span><\/span><\/span><\/span><\/span><strong data-start=\"127\" data-end=\"164\"><span dir=\"auto\" style=\"vertical-align: inherit\"><span dir=\"auto\" style=\"vertical-align: inherit\"><span dir=\"auto\" style=\"vertical-align: inherit\"><span dir=\"auto\" style=\"vertical-align: inherit\"><span dir=\"auto\" style=\"vertical-align: inherit\"><span dir=\"auto\" style=\"vertical-align: inherit\"><span dir=\"auto\" style=\"vertical-align: inherit\"><span dir=\"auto\" style=\"vertical-align: inherit\"><span dir=\"auto\" style=\"vertical-align: inherit\"><span dir=\"auto\" style=\"vertical-align: inherit\">suporte de celular impresso em 3D<\/span><\/span><\/span><\/span><\/span><\/span><\/span><\/span><\/span><\/span><\/strong><span dir=\"auto\" style=\"vertical-align: inherit\"><span dir=\"auto\" style=\"vertical-align: inherit\"><span dir=\"auto\" style=\"vertical-align: inherit\"><span dir=\"auto\" style=\"vertical-align: inherit\"><span dir=\"auto\" style=\"vertical-align: inherit\"><span dir=\"auto\" style=\"vertical-align: inherit\"><span dir=\"auto\" style=\"vertical-align: inherit\"><span dir=\"auto\" style=\"vertical-align: inherit\"><span dir=\"auto\" style=\"vertical-align: inherit\"><span dir=\"auto\" style=\"vertical-align: inherit\"> traz um design inspirado em <\/span><\/span><\/span><\/span><\/span><\/span><\/span><\/span><\/span><\/span><strong data-start=\"193\" data-end=\"225\"><span dir=\"auto\" style=\"vertical-align: inherit\"><span dir=\"auto\" style=\"vertical-align: inherit\"><span dir=\"auto\" style=\"vertical-align: inherit\"><span dir=\"auto\" style=\"vertical-align: inherit\"><span dir=\"auto\" style=\"vertical-align: inherit\"><span dir=\"auto\" style=\"vertical-align: inherit\"><span dir=\"auto\" style=\"vertical-align: inherit\"><span dir=\"auto\" style=\"vertical-align: inherit\"><span dir=\"auto\" style=\"vertical-align: inherit\"><span dir=\"auto\" style=\"vertical-align: inherit\">bra\u00e7os rob\u00f3ticos industriais<\/span><\/span><\/span><\/span><\/span><\/span><\/span><\/span><\/span><\/span><\/strong><span dir=\"auto\" style=\"vertical-align: inherit\"><span dir=\"auto\" style=\"vertical-align: inherit\"><span dir=\"auto\" style=\"vertical-align: inherit\"><span dir=\"auto\" style=\"vertical-align: inherit\"><span dir=\"auto\" style=\"vertical-align: inherit\"><span dir=\"auto\" style=\"vertical-align: inherit\"><span dir=\"auto\" style=\"vertical-align: inherit\"><span dir=\"auto\" style=\"vertical-align: inherit\"><span dir=\"auto\" style=\"vertical-align: inherit\"><span dir=\"auto\" style=\"vertical-align: inherit\"> , com visual futurista e pegada totalmente geek. Ideal para quem tem tecnologia curta, rob\u00f3tica e configura\u00e7\u00f5es diferenciadas.<\/span><\/span><\/span><\/span><\/span><\/span><\/span><\/span><\/span><\/span><\/p>\n<p data-start=\"344\" data-end=\"534\"><span dir=\"auto\" style=\"vertical-align: inherit\"><span dir=\"auto\" style=\"vertical-align: inherit\"><span dir=\"auto\" style=\"vertical-align: inherit\"><span dir=\"auto\" style=\"vertical-align: inherit\"><span dir=\"auto\" style=\"vertical-align: inherit\"><span dir=\"auto\" style=\"vertical-align: inherit\"><span dir=\"auto\" style=\"vertical-align: inherit\"><span dir=\"auto\" style=\"vertical-align: inherit\"><span dir=\"auto\" style=\"vertical-align: inherit\"><span dir=\"auto\" style=\"vertical-align: inherit\">Al\u00e9m de estiloso, mant\u00e9m seu celular firme e bem posicionado para v\u00eddeos, chamadas, estudos ou trabalho. Uma pe\u00e7a que n\u00e3o passa despercebida \u2014 funcionalidade com personalidade rob\u00f3tica.<\/span><\/span><\/span><\/span><\/span><\/span><\/span><\/span><\/span><\/span>\ud83d\ude80<\/p>\n<p data-start=\"536\" data-end=\"601\" data-is-last-node=\"\" data-is-only-node=\"\"><span dir=\"auto\" style=\"vertical-align: inherit\"><span dir=\"auto\" style=\"vertical-align: inherit\"><span dir=\"auto\" style=\"vertical-align: inherit\"><span dir=\"auto\" style=\"vertical-align: inherit\"><span dir=\"auto\" style=\"vertical-align: inherit\"><span dir=\"auto\" style=\"vertical-align: inherit\"><span dir=\"auto\" style=\"vertical-align: inherit\"><span dir=\"auto\" style=\"vertical-align: inherit\"><span dir=\"auto\" style=\"vertical-align: inherit\"><span dir=\"auto\" style=\"vertical-align: inherit\">Perfeito para gamers, makers, engenheiros e f\u00e3s do universo tech.<\/span><\/span><\/span><\/span><\/span><\/span><\/span><\/span><\/span><\/span><\/p>\n","protected":false},"excerpt":{"rendered":"<p>\ud83e\uddbe Suporte de Celular Rob\u00f3tico \u2013 Estilo Geek Futurista \ud83e\udd16 Transforme sua mesa em um verdadeiro laborat\u00f3rio de fic\u00e7\u00e3o cient\u00edfica! Este suporte de celular impresso em 3D traz um design inspirado em bra\u00e7os rob\u00f3ticos industriais , com visual futurista e pegada totalmente geek. Ideal para quem tem tecnologia curta, rob\u00f3tica e configura\u00e7\u00f5es diferenciadas. Al\u00e9m de [&hellip;]<\/p>\n","protected":false},"featured_media":5781,"comment_status":"open","ping_status":"closed","template":"","meta":[],"product_brand":[],"product_cat":[21],"product_tag":[5095],"class_list":{"0":"post-522042","1":"product","2":"type-product","3":"status-publish","4":"has-post-thumbnail","6":"product_cat-useful-prints","7":"product_tag-acessorios-celular","9":"first","10":"instock","11":"sale","12":"taxable","13":"shipping-taxable","14":"purchasable","15":"product-type-simple"},"yoast_head":"<!-- This site is optimized with the Yoast SEO plugin v25.1 - https:\/\/yoast.com\/wordpress\/plugins\/seo\/ -->\n<title>Suporte Rob\u00f3tico - MyStore - By STLFLIX<\/title>\n<meta name=\"robots\" content=\"index, follow, max-snippet:-1, max-image-preview:large, max-video-preview:-1\" \/>\n<link rel=\"canonical\" href=\"https:\/\/my.stlflix.com\/tr\/product\/robot-claw-phone-holder-69864bd33a223\/\" \/>\n<meta property=\"og:locale\" content=\"pt_BR\" \/>\n<meta property=\"og:type\" content=\"article\" \/>\n<meta property=\"og:title\" content=\"Suporte Rob\u00f3tico - MyStore - By STLFLIX\" \/>\n<meta property=\"og:description\" content=\"\ud83e\uddbe Suporte de Celular Rob\u00f3tico \u2013 Estilo Geek Futurista \ud83e\udd16 Transforme sua mesa em um verdadeiro laborat\u00f3rio de fic\u00e7\u00e3o cient\u00edfica! Este suporte de celular impresso em 3D traz um design inspirado em bra\u00e7os rob\u00f3ticos industriais , com visual futurista e pegada totalmente geek. Ideal para quem tem tecnologia curta, rob\u00f3tica e configura\u00e7\u00f5es diferenciadas. Al\u00e9m de [&hellip;]\" \/>\n<meta property=\"og:url\" content=\"https:\/\/my.stlflix.com\/tr\/product\/robot-claw-phone-holder-69864bd33a223\/\" \/>\n<meta property=\"og:site_name\" content=\"MyStore - By STLFLIX\" \/>\n<meta property=\"article:publisher\" content=\"https:\/\/www.facebook.com\/STLFLIX\" \/>\n<meta property=\"article:modified_time\" content=\"2026-02-06T20:52:27+00:00\" \/>\n<meta property=\"og:image\" content=\"https:\/\/my.stlflix.com\/wp-content\/uploads\/2024\/03\/FEED_cc5c7c1970.jpg\" \/>\n\t<meta property=\"og:image:width\" content=\"1079\" \/>\n\t<meta property=\"og:image:height\" content=\"1350\" \/>\n\t<meta property=\"og:image:type\" content=\"image\/jpeg\" \/>\n<meta name=\"twitter:card\" content=\"summary_large_image\" \/>\n<meta name=\"twitter:label1\" content=\"Est. reading time\" \/>\n\t<meta name=\"twitter:data1\" content=\"1 minute\" \/>\n<script type=\"application\/ld+json\" class=\"yoast-schema-graph\">{\"@context\":\"https:\/\/schema.org\",\"@graph\":[{\"@type\":\"WebPage\",\"@id\":\"https:\/\/my.stlflix.com\/tr\/product\/robot-claw-phone-holder-69864bd33a223\/\",\"url\":\"https:\/\/my.stlflix.com\/tr\/product\/robot-claw-phone-holder-69864bd33a223\/\",\"name\":\"Suporte Rob\u00f3tico - MyStore - By STLFLIX\",\"isPartOf\":{\"@id\":\"https:\/\/my.stlflix.com\/tr\/#website\"},\"primaryImageOfPage\":{\"@id\":\"https:\/\/my.stlflix.com\/tr\/product\/robot-claw-phone-holder-69864bd33a223\/#primaryimage\"},\"image\":{\"@id\":\"https:\/\/my.stlflix.com\/tr\/product\/robot-claw-phone-holder-69864bd33a223\/#primaryimage\"},\"thumbnailUrl\":\"https:\/\/www.monitorstlflix.online\/wp-content\/uploads\/2024\/03\/FEED_cc5c7c1970.jpg\",\"datePublished\":\"2026-02-06T20:16:41+00:00\",\"dateModified\":\"2026-02-06T20:52:27+00:00\",\"breadcrumb\":{\"@id\":\"https:\/\/my.stlflix.com\/tr\/product\/robot-claw-phone-holder-69864bd33a223\/#breadcrumb\"},\"inLanguage\":\"pt-BR\",\"potentialAction\":[{\"@type\":\"ReadAction\",\"target\":[\"https:\/\/my.stlflix.com\/tr\/product\/robot-claw-phone-holder-69864bd33a223\/\"]}]},{\"@type\":\"ImageObject\",\"inLanguage\":\"pt-BR\",\"@id\":\"https:\/\/my.stlflix.com\/tr\/product\/robot-claw-phone-holder-69864bd33a223\/#primaryimage\",\"url\":\"https:\/\/www.monitorstlflix.online\/wp-content\/uploads\/2024\/03\/FEED_cc5c7c1970.jpg\",\"contentUrl\":\"https:\/\/www.monitorstlflix.online\/wp-content\/uploads\/2024\/03\/FEED_cc5c7c1970.jpg\",\"width\":1079,\"height\":1350},{\"@type\":\"BreadcrumbList\",\"@id\":\"https:\/\/my.stlflix.com\/tr\/product\/robot-claw-phone-holder-69864bd33a223\/#breadcrumb\",\"itemListElement\":[{\"@type\":\"ListItem\",\"position\":1,\"name\":\"Home\",\"item\":\"https:\/\/my.stlflix.com\/pt-br\/\"},{\"@type\":\"ListItem\",\"position\":2,\"name\":\"Products\",\"item\":\"https:\/\/my.stlflix.com\/fr\/shop\/\"},{\"@type\":\"ListItem\",\"position\":3,\"name\":\"Suporte Rob\u00f3tico\"}]},{\"@type\":\"WebSite\",\"@id\":\"https:\/\/my.stlflix.com\/tr\/#website\",\"url\":\"https:\/\/my.stlflix.com\/tr\/\",\"name\":\"MyStore - By STLFLIX\",\"description\":\"\",\"publisher\":{\"@id\":\"https:\/\/my.stlflix.com\/tr\/#organization\"},\"potentialAction\":[{\"@type\":\"SearchAction\",\"target\":{\"@type\":\"EntryPoint\",\"urlTemplate\":\"https:\/\/my.stlflix.com\/tr\/?s={search_term_string}\"},\"query-input\":{\"@type\":\"PropertyValueSpecification\",\"valueRequired\":true,\"valueName\":\"search_term_string\"}}],\"inLanguage\":\"pt-BR\"},{\"@type\":\"Organization\",\"@id\":\"https:\/\/my.stlflix.com\/tr\/#organization\",\"name\":\"MyStore - By STLFLIX\",\"url\":\"https:\/\/my.stlflix.com\/tr\/\",\"logo\":{\"@type\":\"ImageObject\",\"inLanguage\":\"pt-BR\",\"@id\":\"https:\/\/my.stlflix.com\/tr\/#\/schema\/logo\/image\/\",\"url\":\"https:\/\/my.stlflix.com\/wp-content\/uploads\/2024\/06\/logo-mystore.png\",\"contentUrl\":\"https:\/\/my.stlflix.com\/wp-content\/uploads\/2024\/06\/logo-mystore.png\",\"width\":150,\"height\":41,\"caption\":\"MyStore - By STLFLIX\"},\"image\":{\"@id\":\"https:\/\/my.stlflix.com\/tr\/#\/schema\/logo\/image\/\"},\"sameAs\":[\"https:\/\/www.facebook.com\/STLFLIX\",\"https:\/\/www.instagram.com\/stlflix_\/\",\"https:\/\/www.tiktok.com\/@stlflix\"]}]}<\/script>\n<!-- \/ Yoast SEO plugin. -->","yoast_head_json":{"title":"Suporte Rob\u00f3tico - MyStore - By STLFLIX","robots":{"index":"index","follow":"follow","max-snippet":"max-snippet:-1","max-image-preview":"max-image-preview:large","max-video-preview":"max-video-preview:-1"},"canonical":"https:\/\/my.stlflix.com\/tr\/product\/robot-claw-phone-holder-69864bd33a223\/","og_locale":"pt_BR","og_type":"article","og_title":"Suporte Rob\u00f3tico - MyStore - By STLFLIX","og_description":"\ud83e\uddbe Suporte de Celular Rob\u00f3tico \u2013 Estilo Geek Futurista \ud83e\udd16 Transforme sua mesa em um verdadeiro laborat\u00f3rio de fic\u00e7\u00e3o cient\u00edfica! Este suporte de celular impresso em 3D traz um design inspirado em bra\u00e7os rob\u00f3ticos industriais , com visual futurista e pegada totalmente geek. Ideal para quem tem tecnologia curta, rob\u00f3tica e configura\u00e7\u00f5es diferenciadas. Al\u00e9m de [&hellip;]","og_url":"https:\/\/my.stlflix.com\/tr\/product\/robot-claw-phone-holder-69864bd33a223\/","og_site_name":"MyStore - By STLFLIX","article_publisher":"https:\/\/www.facebook.com\/STLFLIX","article_modified_time":"2026-02-06T20:52:27+00:00","og_image":[{"width":1079,"height":1350,"url":"https:\/\/my.stlflix.com\/wp-content\/uploads\/2024\/03\/FEED_cc5c7c1970.jpg","type":"image\/jpeg"}],"twitter_card":"summary_large_image","twitter_misc":{"Est. reading time":"1 minute"},"schema":{"@context":"https:\/\/schema.org","@graph":[{"@type":"WebPage","@id":"https:\/\/my.stlflix.com\/tr\/product\/robot-claw-phone-holder-69864bd33a223\/","url":"https:\/\/my.stlflix.com\/tr\/product\/robot-claw-phone-holder-69864bd33a223\/","name":"Suporte Rob\u00f3tico - MyStore - By STLFLIX","isPartOf":{"@id":"https:\/\/my.stlflix.com\/tr\/#website"},"primaryImageOfPage":{"@id":"https:\/\/my.stlflix.com\/tr\/product\/robot-claw-phone-holder-69864bd33a223\/#primaryimage"},"image":{"@id":"https:\/\/my.stlflix.com\/tr\/product\/robot-claw-phone-holder-69864bd33a223\/#primaryimage"},"thumbnailUrl":"https:\/\/www.monitorstlflix.online\/wp-content\/uploads\/2024\/03\/FEED_cc5c7c1970.jpg","datePublished":"2026-02-06T20:16:41+00:00","dateModified":"2026-02-06T20:52:27+00:00","breadcrumb":{"@id":"https:\/\/my.stlflix.com\/tr\/product\/robot-claw-phone-holder-69864bd33a223\/#breadcrumb"},"inLanguage":"pt-BR","potentialAction":[{"@type":"ReadAction","target":["https:\/\/my.stlflix.com\/tr\/product\/robot-claw-phone-holder-69864bd33a223\/"]}]},{"@type":"ImageObject","inLanguage":"pt-BR","@id":"https:\/\/my.stlflix.com\/tr\/product\/robot-claw-phone-holder-69864bd33a223\/#primaryimage","url":"https:\/\/www.monitorstlflix.online\/wp-content\/uploads\/2024\/03\/FEED_cc5c7c1970.jpg","contentUrl":"https:\/\/www.monitorstlflix.online\/wp-content\/uploads\/2024\/03\/FEED_cc5c7c1970.jpg","width":1079,"height":1350},{"@type":"BreadcrumbList","@id":"https:\/\/my.stlflix.com\/tr\/product\/robot-claw-phone-holder-69864bd33a223\/#breadcrumb","itemListElement":[{"@type":"ListItem","position":1,"name":"Home","item":"https:\/\/my.stlflix.com\/pt-br\/"},{"@type":"ListItem","position":2,"name":"Products","item":"https:\/\/my.stlflix.com\/fr\/shop\/"},{"@type":"ListItem","position":3,"name":"Suporte Rob\u00f3tico"}]},{"@type":"WebSite","@id":"https:\/\/my.stlflix.com\/tr\/#website","url":"https:\/\/my.stlflix.com\/tr\/","name":"MyStore - By STLFLIX","description":"","publisher":{"@id":"https:\/\/my.stlflix.com\/tr\/#organization"},"potentialAction":[{"@type":"SearchAction","target":{"@type":"EntryPoint","urlTemplate":"https:\/\/my.stlflix.com\/tr\/?s={search_term_string}"},"query-input":{"@type":"PropertyValueSpecification","valueRequired":true,"valueName":"search_term_string"}}],"inLanguage":"pt-BR"},{"@type":"Organization","@id":"https:\/\/my.stlflix.com\/tr\/#organization","name":"MyStore - By STLFLIX","url":"https:\/\/my.stlflix.com\/tr\/","logo":{"@type":"ImageObject","inLanguage":"pt-BR","@id":"https:\/\/my.stlflix.com\/tr\/#\/schema\/logo\/image\/","url":"https:\/\/my.stlflix.com\/wp-content\/uploads\/2024\/06\/logo-mystore.png","contentUrl":"https:\/\/my.stlflix.com\/wp-content\/uploads\/2024\/06\/logo-mystore.png","width":150,"height":41,"caption":"MyStore - By STLFLIX"},"image":{"@id":"https:\/\/my.stlflix.com\/tr\/#\/schema\/logo\/image\/"},"sameAs":["https:\/\/www.facebook.com\/STLFLIX","https:\/\/www.instagram.com\/stlflix_\/","https:\/\/www.tiktok.com\/@stlflix"]}]}},"_links":{"self":[{"href":"https:\/\/www.monitorstlflix.online\/pt-br\/wp-json\/wp\/v2\/product\/522042","targetHints":{"allow":["GET"]}}],"collection":[{"href":"https:\/\/www.monitorstlflix.online\/pt-br\/wp-json\/wp\/v2\/product"}],"about":[{"href":"https:\/\/www.monitorstlflix.online\/pt-br\/wp-json\/wp\/v2\/types\/product"}],"replies":[{"embeddable":true,"href":"https:\/\/www.monitorstlflix.online\/pt-br\/wp-json\/wp\/v2\/comments?post=522042"}],"wp:featuredmedia":[{"embeddable":true,"href":"https:\/\/www.monitorstlflix.online\/pt-br\/wp-json\/wp\/v2\/media\/5781"}],"wp:attachment":[{"href":"https:\/\/www.monitorstlflix.online\/pt-br\/wp-json\/wp\/v2\/media?parent=522042"}],"wp:term":[{"taxonomy":"product_brand","embeddable":true,"href":"https:\/\/www.monitorstlflix.online\/pt-br\/wp-json\/wp\/v2\/product_brand?post=522042"},{"taxonomy":"product_cat","embeddable":true,"href":"https:\/\/www.monitorstlflix.online\/pt-br\/wp-json\/wp\/v2\/product_cat?post=522042"},{"taxonomy":"product_tag","embeddable":true,"href":"https:\/\/www.monitorstlflix.online\/pt-br\/wp-json\/wp\/v2\/product_tag?post=522042"}],"curies":[{"name":"wp","href":"https:\/\/api.w.org\/{rel}","templated":true}]}}