{"id":499803,"date":"2025-12-23T11:27:35","date_gmt":"2025-12-23T11:27:35","guid":{"rendered":"https:\/\/my.stlflix.com\/?post_type=product&#038;p=499803"},"modified":"2026-02-22T19:46:25","modified_gmt":"2026-02-22T19:46:25","slug":"epic-articulated-dragon-694a72348e12c","status":"publish","type":"product","link":"https:\/\/www.monitorstlflix.online\/pt-br\/product\/epic-articulated-dragon-694a72348e12c\/","title":{"rendered":"Epic Articulated Dragon"},"content":{"rendered":"<p><strong><span dir=\"auto\"><span dir=\"auto\" style=\"vertical-align: inherit\"><span dir=\"auto\" style=\"vertical-align: inherit\"><span dir=\"auto\" style=\"vertical-align: inherit\"><span dir=\"auto\" style=\"vertical-align: inherit\"><span dir=\"auto\" style=\"vertical-align: inherit\"><span dir=\"auto\" style=\"vertical-align: inherit\">DESCRI\u00c7\u00c3O DO MODELO 3D<\/span><\/span><\/span><\/span><\/span><\/span><\/span><\/strong><\/p>\n<p><span dir=\"auto\"><span dir=\"auto\" style=\"vertical-align: inherit\"><span dir=\"auto\" style=\"vertical-align: inherit\"><span dir=\"auto\" style=\"vertical-align: inherit\"><span dir=\"auto\" style=\"vertical-align: inherit\"><span dir=\"auto\" style=\"vertical-align: inherit\"><span dir=\"auto\" style=\"vertical-align: inherit\">Este Drag\u00e3o Articulado \u00c9pico n\u00e3o \u00e9 chamado de &#8220;\u00e9pico&#8221; \u00e0 toa! Grande, poderoso e imponente, o Drag\u00e3o \u00c9pico n\u00e3o \u00e9 brincadeira&#8230; mas pode ser um brinquedo para voc\u00ea e seus filhos, se quiserem. S\u00f3 n\u00e3o contem para ningu\u00e9m.<\/span><\/span><\/span><\/span><\/span><\/span><\/span><\/p>\n<p><strong><span dir=\"auto\"><span dir=\"auto\" style=\"vertical-align: inherit\"><span dir=\"auto\" style=\"vertical-align: inherit\"><span dir=\"auto\" style=\"vertical-align: inherit\"><span dir=\"auto\" style=\"vertical-align: inherit\"><span dir=\"auto\" style=\"vertical-align: inherit\"><span dir=\"auto\" style=\"vertical-align: inherit\">*Para melhor fixa\u00e7\u00e3o das asas, recomendamos o uso de &#8216;Super Cola&#8217;. *<\/span><\/span><\/span><\/span><\/span><\/span><\/span><\/strong><\/p>\n","protected":false},"excerpt":{"rendered":"<p>DESCRI\u00c7\u00c3O DO MODELO 3D Este Drag\u00e3o Articulado \u00c9pico n\u00e3o \u00e9 chamado de &#8220;\u00e9pico&#8221; \u00e0 toa! Grande, poderoso e imponente, o Drag\u00e3o \u00c9pico n\u00e3o \u00e9 brincadeira&#8230; mas pode ser um brinquedo para voc\u00ea e seus filhos, se quiserem. S\u00f3 n\u00e3o contem para ningu\u00e9m. *Para melhor fixa\u00e7\u00e3o das asas, recomendamos o uso de &#8216;Super Cola&#8217;. *<\/p>\n","protected":false},"featured_media":0,"comment_status":"open","ping_status":"closed","template":"","meta":[],"product_brand":[],"product_cat":[20],"product_tag":[6376],"class_list":{"0":"post-499803","1":"product","2":"type-product","3":"status-publish","5":"product_cat-articulated","6":"product_tag-dragon-3","8":"first","9":"instock","10":"taxable","11":"shipping-taxable","12":"purchasable","13":"product-type-simple"},"yoast_head":"<!-- This site is optimized with the Yoast SEO plugin v25.1 - https:\/\/yoast.com\/wordpress\/plugins\/seo\/ -->\n<title>Epic Articulated Dragon - MyStore - By STLFLIX<\/title>\n<meta name=\"robots\" content=\"index, follow, max-snippet:-1, max-image-preview:large, max-video-preview:-1\" \/>\n<link rel=\"canonical\" href=\"https:\/\/my.stlflix.com\/product\/epic-articulated-dragon-694a72348e12c\/\" \/>\n<meta property=\"og:locale\" content=\"pt_BR\" \/>\n<meta property=\"og:type\" content=\"article\" \/>\n<meta property=\"og:title\" content=\"Epic Articulated Dragon - MyStore - By STLFLIX\" \/>\n<meta property=\"og:description\" content=\"DESCRI\u00c7\u00c3O DO MODELO 3D Este Drag\u00e3o Articulado \u00c9pico n\u00e3o \u00e9 chamado de &#8220;\u00e9pico&#8221; \u00e0 toa! Grande, poderoso e imponente, o Drag\u00e3o \u00c9pico n\u00e3o \u00e9 brincadeira&#8230; mas pode ser um brinquedo para voc\u00ea e seus filhos, se quiserem. S\u00f3 n\u00e3o contem para ningu\u00e9m. *Para melhor fixa\u00e7\u00e3o das asas, recomendamos o uso de &#8216;Super Cola&#8217;. *\" \/>\n<meta property=\"og:url\" content=\"https:\/\/my.stlflix.com\/product\/epic-articulated-dragon-694a72348e12c\/\" \/>\n<meta property=\"og:site_name\" content=\"MyStore - By STLFLIX\" \/>\n<meta property=\"article:publisher\" content=\"https:\/\/www.facebook.com\/STLFLIX\" \/>\n<meta property=\"article:modified_time\" content=\"2026-02-22T19:46:25+00:00\" \/>\n<meta name=\"twitter:card\" content=\"summary_large_image\" \/>\n<script type=\"application\/ld+json\" class=\"yoast-schema-graph\">{\"@context\":\"https:\/\/schema.org\",\"@graph\":[{\"@type\":\"WebPage\",\"@id\":\"https:\/\/my.stlflix.com\/product\/epic-articulated-dragon-694a72348e12c\/\",\"url\":\"https:\/\/my.stlflix.com\/product\/epic-articulated-dragon-694a72348e12c\/\",\"name\":\"Epic Articulated Dragon - MyStore - By STLFLIX\",\"isPartOf\":{\"@id\":\"https:\/\/my.stlflix.com\/tr\/#website\"},\"datePublished\":\"2025-12-23T11:27:35+00:00\",\"dateModified\":\"2026-02-22T19:46:25+00:00\",\"breadcrumb\":{\"@id\":\"https:\/\/my.stlflix.com\/product\/epic-articulated-dragon-694a72348e12c\/#breadcrumb\"},\"inLanguage\":\"pt-BR\",\"potentialAction\":[{\"@type\":\"ReadAction\",\"target\":[\"https:\/\/my.stlflix.com\/product\/epic-articulated-dragon-694a72348e12c\/\"]}]},{\"@type\":\"BreadcrumbList\",\"@id\":\"https:\/\/my.stlflix.com\/product\/epic-articulated-dragon-694a72348e12c\/#breadcrumb\",\"itemListElement\":[{\"@type\":\"ListItem\",\"position\":1,\"name\":\"Home\",\"item\":\"https:\/\/my.stlflix.com\/pt-br\/\"},{\"@type\":\"ListItem\",\"position\":2,\"name\":\"Products\",\"item\":\"https:\/\/my.stlflix.com\/fr\/shop\/\"},{\"@type\":\"ListItem\",\"position\":3,\"name\":\"Epic Articulated Dragon\"}]},{\"@type\":\"WebSite\",\"@id\":\"https:\/\/my.stlflix.com\/tr\/#website\",\"url\":\"https:\/\/my.stlflix.com\/tr\/\",\"name\":\"MyStore - By STLFLIX\",\"description\":\"\",\"publisher\":{\"@id\":\"https:\/\/my.stlflix.com\/tr\/#organization\"},\"potentialAction\":[{\"@type\":\"SearchAction\",\"target\":{\"@type\":\"EntryPoint\",\"urlTemplate\":\"https:\/\/my.stlflix.com\/tr\/?s={search_term_string}\"},\"query-input\":{\"@type\":\"PropertyValueSpecification\",\"valueRequired\":true,\"valueName\":\"search_term_string\"}}],\"inLanguage\":\"pt-BR\"},{\"@type\":\"Organization\",\"@id\":\"https:\/\/my.stlflix.com\/tr\/#organization\",\"name\":\"MyStore - By STLFLIX\",\"url\":\"https:\/\/my.stlflix.com\/tr\/\",\"logo\":{\"@type\":\"ImageObject\",\"inLanguage\":\"pt-BR\",\"@id\":\"https:\/\/my.stlflix.com\/tr\/#\/schema\/logo\/image\/\",\"url\":\"https:\/\/my.stlflix.com\/wp-content\/uploads\/2024\/06\/logo-mystore.png\",\"contentUrl\":\"https:\/\/my.stlflix.com\/wp-content\/uploads\/2024\/06\/logo-mystore.png\",\"width\":150,\"height\":41,\"caption\":\"MyStore - By STLFLIX\"},\"image\":{\"@id\":\"https:\/\/my.stlflix.com\/tr\/#\/schema\/logo\/image\/\"},\"sameAs\":[\"https:\/\/www.facebook.com\/STLFLIX\",\"https:\/\/www.instagram.com\/stlflix_\/\",\"https:\/\/www.tiktok.com\/@stlflix\"]}]}<\/script>\n<!-- \/ Yoast SEO plugin. -->","yoast_head_json":{"title":"Epic Articulated Dragon - MyStore - By STLFLIX","robots":{"index":"index","follow":"follow","max-snippet":"max-snippet:-1","max-image-preview":"max-image-preview:large","max-video-preview":"max-video-preview:-1"},"canonical":"https:\/\/my.stlflix.com\/product\/epic-articulated-dragon-694a72348e12c\/","og_locale":"pt_BR","og_type":"article","og_title":"Epic Articulated Dragon - MyStore - By STLFLIX","og_description":"DESCRI\u00c7\u00c3O DO MODELO 3D Este Drag\u00e3o Articulado \u00c9pico n\u00e3o \u00e9 chamado de &#8220;\u00e9pico&#8221; \u00e0 toa! Grande, poderoso e imponente, o Drag\u00e3o \u00c9pico n\u00e3o \u00e9 brincadeira&#8230; mas pode ser um brinquedo para voc\u00ea e seus filhos, se quiserem. S\u00f3 n\u00e3o contem para ningu\u00e9m. *Para melhor fixa\u00e7\u00e3o das asas, recomendamos o uso de &#8216;Super Cola&#8217;. *","og_url":"https:\/\/my.stlflix.com\/product\/epic-articulated-dragon-694a72348e12c\/","og_site_name":"MyStore - By STLFLIX","article_publisher":"https:\/\/www.facebook.com\/STLFLIX","article_modified_time":"2026-02-22T19:46:25+00:00","twitter_card":"summary_large_image","schema":{"@context":"https:\/\/schema.org","@graph":[{"@type":"WebPage","@id":"https:\/\/my.stlflix.com\/product\/epic-articulated-dragon-694a72348e12c\/","url":"https:\/\/my.stlflix.com\/product\/epic-articulated-dragon-694a72348e12c\/","name":"Epic Articulated Dragon - MyStore - By STLFLIX","isPartOf":{"@id":"https:\/\/my.stlflix.com\/tr\/#website"},"datePublished":"2025-12-23T11:27:35+00:00","dateModified":"2026-02-22T19:46:25+00:00","breadcrumb":{"@id":"https:\/\/my.stlflix.com\/product\/epic-articulated-dragon-694a72348e12c\/#breadcrumb"},"inLanguage":"pt-BR","potentialAction":[{"@type":"ReadAction","target":["https:\/\/my.stlflix.com\/product\/epic-articulated-dragon-694a72348e12c\/"]}]},{"@type":"BreadcrumbList","@id":"https:\/\/my.stlflix.com\/product\/epic-articulated-dragon-694a72348e12c\/#breadcrumb","itemListElement":[{"@type":"ListItem","position":1,"name":"Home","item":"https:\/\/my.stlflix.com\/pt-br\/"},{"@type":"ListItem","position":2,"name":"Products","item":"https:\/\/my.stlflix.com\/fr\/shop\/"},{"@type":"ListItem","position":3,"name":"Epic Articulated Dragon"}]},{"@type":"WebSite","@id":"https:\/\/my.stlflix.com\/tr\/#website","url":"https:\/\/my.stlflix.com\/tr\/","name":"MyStore - By STLFLIX","description":"","publisher":{"@id":"https:\/\/my.stlflix.com\/tr\/#organization"},"potentialAction":[{"@type":"SearchAction","target":{"@type":"EntryPoint","urlTemplate":"https:\/\/my.stlflix.com\/tr\/?s={search_term_string}"},"query-input":{"@type":"PropertyValueSpecification","valueRequired":true,"valueName":"search_term_string"}}],"inLanguage":"pt-BR"},{"@type":"Organization","@id":"https:\/\/my.stlflix.com\/tr\/#organization","name":"MyStore - By STLFLIX","url":"https:\/\/my.stlflix.com\/tr\/","logo":{"@type":"ImageObject","inLanguage":"pt-BR","@id":"https:\/\/my.stlflix.com\/tr\/#\/schema\/logo\/image\/","url":"https:\/\/my.stlflix.com\/wp-content\/uploads\/2024\/06\/logo-mystore.png","contentUrl":"https:\/\/my.stlflix.com\/wp-content\/uploads\/2024\/06\/logo-mystore.png","width":150,"height":41,"caption":"MyStore - By STLFLIX"},"image":{"@id":"https:\/\/my.stlflix.com\/tr\/#\/schema\/logo\/image\/"},"sameAs":["https:\/\/www.facebook.com\/STLFLIX","https:\/\/www.instagram.com\/stlflix_\/","https:\/\/www.tiktok.com\/@stlflix"]}]}},"_links":{"self":[{"href":"https:\/\/www.monitorstlflix.online\/pt-br\/wp-json\/wp\/v2\/product\/499803","targetHints":{"allow":["GET"]}}],"collection":[{"href":"https:\/\/www.monitorstlflix.online\/pt-br\/wp-json\/wp\/v2\/product"}],"about":[{"href":"https:\/\/www.monitorstlflix.online\/pt-br\/wp-json\/wp\/v2\/types\/product"}],"replies":[{"embeddable":true,"href":"https:\/\/www.monitorstlflix.online\/pt-br\/wp-json\/wp\/v2\/comments?post=499803"}],"wp:attachment":[{"href":"https:\/\/www.monitorstlflix.online\/pt-br\/wp-json\/wp\/v2\/media?parent=499803"}],"wp:term":[{"taxonomy":"product_brand","embeddable":true,"href":"https:\/\/www.monitorstlflix.online\/pt-br\/wp-json\/wp\/v2\/product_brand?post=499803"},{"taxonomy":"product_cat","embeddable":true,"href":"https:\/\/www.monitorstlflix.online\/pt-br\/wp-json\/wp\/v2\/product_cat?post=499803"},{"taxonomy":"product_tag","embeddable":true,"href":"https:\/\/www.monitorstlflix.online\/pt-br\/wp-json\/wp\/v2\/product_tag?post=499803"}],"curies":[{"name":"wp","href":"https:\/\/api.w.org\/{rel}","templated":true}]}}