{"id":442246,"date":"2025-09-27T03:48:23","date_gmt":"2025-09-27T03:48:23","guid":{"rendered":"https:\/\/my.stlflix.com\/?post_type=product&#038;p=442246"},"modified":"2025-09-27T03:48:24","modified_gmt":"2025-09-27T03:48:24","slug":"press-the-reindeer-68d7315cd793b","status":"publish","type":"product","link":"https:\/\/www.monitorstlflix.online\/pt-br\/product\/press-the-reindeer-68d7315cd793b\/","title":{"rendered":"Press the Reindeer"},"content":{"rendered":"<p data-start=\"0\" data-end=\"49\">\ud83e\udd8c <strong data-start=\"3\" data-end=\"44\">Press the Reindeer \u2013 A Rena Encantada<\/strong> \ud83e\udd8c<\/p>\n<p data-start=\"51\" data-end=\"294\">Diretamente do clima natalino, o <strong data-start=\"84\" data-end=\"106\">Press the Reindeer<\/strong> \u00e9 puro charme e magia! Com seu design ador\u00e1vel e chifres imponentes, ele \u00e9 perfeito para encantar adultos e crian\u00e7as, trazendo a sensa\u00e7\u00e3o de aconchego e fantasia para qualquer ambiente.<\/p>\n<p data-start=\"296\" data-end=\"321\">\ud83d\udd39 <strong data-start=\"299\" data-end=\"319\">Caracter\u00edsticas:<\/strong><\/p>\n<ul data-start=\"322\" data-end=\"597\">\n<li data-start=\"322\" data-end=\"359\">\n<p data-start=\"324\" data-end=\"359\">Formato fofo e detalhado de rena.<\/p>\n<\/li>\n<li data-start=\"360\" data-end=\"416\">\n<p data-start=\"362\" data-end=\"416\">Estrutura articulada que transmite vida e movimento.<\/p>\n<\/li>\n<li data-start=\"417\" data-end=\"472\">\n<p data-start=\"419\" data-end=\"472\">Ideal como decora\u00e7\u00e3o tem\u00e1tica ou item colecion\u00e1vel.<\/p>\n<\/li>\n<li data-start=\"473\" data-end=\"515\">\n<p data-start=\"475\" data-end=\"515\">Acabamento delicado em tom amadeirado.<\/p>\n<\/li>\n<li data-start=\"516\" data-end=\"597\">\n<p data-start=\"518\" data-end=\"597\">Um presente criativo para quem ama o esp\u00edrito natalino e personagens m\u00e1gicos.<\/p>\n<\/li>\n<\/ul>\n<p data-start=\"599\" data-end=\"758\">\u2728 O <strong data-start=\"603\" data-end=\"625\">Press the Reindeer<\/strong> \u00e9 a pe\u00e7a que vai transformar sua cole\u00e7\u00e3o em algo ainda mais especial, trazendo o encanto do inverno e do Natal para perto de voc\u00ea!<\/p>\n","protected":false},"excerpt":{"rendered":"<p>\ud83e\udd8c Press the Reindeer \u2013 A Rena Encantada \ud83e\udd8c Diretamente do clima natalino, o Press the Reindeer \u00e9 puro charme e magia! Com seu design ador\u00e1vel e chifres imponentes, ele \u00e9 perfeito para encantar adultos e crian\u00e7as, trazendo a sensa\u00e7\u00e3o de aconchego e fantasia para qualquer ambiente. \ud83d\udd39 Caracter\u00edsticas: Formato fofo e detalhado de rena. [&hellip;]<\/p>\n","protected":false},"featured_media":273153,"comment_status":"open","ping_status":"closed","template":"","meta":[],"product_brand":[],"product_cat":[15],"product_tag":[2500,3562],"class_list":{"0":"post-442246","1":"product","2":"type-product","3":"status-publish","4":"has-post-thumbnail","6":"product_cat-uncategorized","7":"product_tag-articulado","8":"product_tag-brinquedo","10":"first","11":"instock","12":"taxable","13":"shipping-taxable","14":"purchasable","15":"product-type-simple"},"yoast_head":"<!-- This site is optimized with the Yoast SEO plugin v25.1 - https:\/\/yoast.com\/wordpress\/plugins\/seo\/ -->\n<title>Press the Reindeer - MyStore - By STLFLIX<\/title>\n<meta name=\"robots\" content=\"index, follow, max-snippet:-1, max-image-preview:large, max-video-preview:-1\" \/>\n<link rel=\"canonical\" href=\"https:\/\/www.testeminhalojamandela.biz\/product\/press-the-reindeer-68d7315cd793b\/\" \/>\n<meta property=\"og:locale\" content=\"pt_BR\" \/>\n<meta property=\"og:type\" content=\"article\" \/>\n<meta property=\"og:title\" content=\"Press the Reindeer - MyStore - By STLFLIX\" \/>\n<meta property=\"og:description\" content=\"\ud83e\udd8c Press the Reindeer \u2013 A Rena Encantada \ud83e\udd8c Diretamente do clima natalino, o Press the Reindeer \u00e9 puro charme e magia! Com seu design ador\u00e1vel e chifres imponentes, ele \u00e9 perfeito para encantar adultos e crian\u00e7as, trazendo a sensa\u00e7\u00e3o de aconchego e fantasia para qualquer ambiente. \ud83d\udd39 Caracter\u00edsticas: Formato fofo e detalhado de rena. [&hellip;]\" \/>\n<meta property=\"og:url\" content=\"https:\/\/www.testeminhalojamandela.biz\/product\/press-the-reindeer-68d7315cd793b\/\" \/>\n<meta property=\"og:site_name\" content=\"MyStore - By STLFLIX\" \/>\n<meta property=\"article:publisher\" content=\"https:\/\/www.facebook.com\/STLFLIX\" \/>\n<meta property=\"article:modified_time\" content=\"2025-09-27T03:48:24+00:00\" \/>\n<meta property=\"og:image\" content=\"https:\/\/www.testeminhalojamandela.biz\/wp-content\/uploads\/2025\/02\/Press_the_Reindeer_thumb_e0b532f6fc.jpg\" \/>\n\t<meta property=\"og:image:width\" content=\"1080\" \/>\n\t<meta property=\"og:image:height\" content=\"1350\" \/>\n\t<meta property=\"og:image:type\" content=\"image\/jpeg\" \/>\n<meta name=\"twitter:card\" content=\"summary_large_image\" \/>\n<meta name=\"twitter:label1\" content=\"Est. reading time\" \/>\n\t<meta name=\"twitter:data1\" content=\"1 minute\" \/>\n<script type=\"application\/ld+json\" class=\"yoast-schema-graph\">{\"@context\":\"https:\/\/schema.org\",\"@graph\":[{\"@type\":\"WebPage\",\"@id\":\"https:\/\/www.testeminhalojamandela.biz\/product\/press-the-reindeer-68d7315cd793b\/\",\"url\":\"https:\/\/www.testeminhalojamandela.biz\/product\/press-the-reindeer-68d7315cd793b\/\",\"name\":\"Press the Reindeer - MyStore - By STLFLIX\",\"isPartOf\":{\"@id\":\"https:\/\/my.stlflix.com\/tr\/#website\"},\"primaryImageOfPage\":{\"@id\":\"https:\/\/www.testeminhalojamandela.biz\/product\/press-the-reindeer-68d7315cd793b\/#primaryimage\"},\"image\":{\"@id\":\"https:\/\/www.testeminhalojamandela.biz\/product\/press-the-reindeer-68d7315cd793b\/#primaryimage\"},\"thumbnailUrl\":\"https:\/\/www.monitorstlflix.online\/wp-content\/uploads\/2025\/02\/Press_the_Reindeer_thumb_e0b532f6fc.jpg\",\"datePublished\":\"2025-09-27T03:48:23+00:00\",\"dateModified\":\"2025-09-27T03:48:24+00:00\",\"breadcrumb\":{\"@id\":\"https:\/\/www.testeminhalojamandela.biz\/product\/press-the-reindeer-68d7315cd793b\/#breadcrumb\"},\"inLanguage\":\"pt-BR\",\"potentialAction\":[{\"@type\":\"ReadAction\",\"target\":[\"https:\/\/www.testeminhalojamandela.biz\/product\/press-the-reindeer-68d7315cd793b\/\"]}]},{\"@type\":\"ImageObject\",\"inLanguage\":\"pt-BR\",\"@id\":\"https:\/\/www.testeminhalojamandela.biz\/product\/press-the-reindeer-68d7315cd793b\/#primaryimage\",\"url\":\"https:\/\/www.monitorstlflix.online\/wp-content\/uploads\/2025\/02\/Press_the_Reindeer_thumb_e0b532f6fc.jpg\",\"contentUrl\":\"https:\/\/www.monitorstlflix.online\/wp-content\/uploads\/2025\/02\/Press_the_Reindeer_thumb_e0b532f6fc.jpg\",\"width\":1080,\"height\":1350},{\"@type\":\"BreadcrumbList\",\"@id\":\"https:\/\/www.testeminhalojamandela.biz\/product\/press-the-reindeer-68d7315cd793b\/#breadcrumb\",\"itemListElement\":[{\"@type\":\"ListItem\",\"position\":1,\"name\":\"Home\",\"item\":\"https:\/\/my.stlflix.com\/pt-br\/\"},{\"@type\":\"ListItem\",\"position\":2,\"name\":\"Products\",\"item\":\"https:\/\/my.stlflix.com\/fr\/shop\/\"},{\"@type\":\"ListItem\",\"position\":3,\"name\":\"Press the Reindeer\"}]},{\"@type\":\"WebSite\",\"@id\":\"https:\/\/my.stlflix.com\/tr\/#website\",\"url\":\"https:\/\/my.stlflix.com\/tr\/\",\"name\":\"MyStore - By STLFLIX\",\"description\":\"\",\"publisher\":{\"@id\":\"https:\/\/my.stlflix.com\/tr\/#organization\"},\"potentialAction\":[{\"@type\":\"SearchAction\",\"target\":{\"@type\":\"EntryPoint\",\"urlTemplate\":\"https:\/\/my.stlflix.com\/tr\/?s={search_term_string}\"},\"query-input\":{\"@type\":\"PropertyValueSpecification\",\"valueRequired\":true,\"valueName\":\"search_term_string\"}}],\"inLanguage\":\"pt-BR\"},{\"@type\":\"Organization\",\"@id\":\"https:\/\/my.stlflix.com\/tr\/#organization\",\"name\":\"MyStore - By STLFLIX\",\"url\":\"https:\/\/my.stlflix.com\/tr\/\",\"logo\":{\"@type\":\"ImageObject\",\"inLanguage\":\"pt-BR\",\"@id\":\"https:\/\/my.stlflix.com\/tr\/#\/schema\/logo\/image\/\",\"url\":\"https:\/\/my.stlflix.com\/wp-content\/uploads\/2024\/06\/logo-mystore.png\",\"contentUrl\":\"https:\/\/my.stlflix.com\/wp-content\/uploads\/2024\/06\/logo-mystore.png\",\"width\":150,\"height\":41,\"caption\":\"MyStore - By STLFLIX\"},\"image\":{\"@id\":\"https:\/\/my.stlflix.com\/tr\/#\/schema\/logo\/image\/\"},\"sameAs\":[\"https:\/\/www.facebook.com\/STLFLIX\",\"https:\/\/www.instagram.com\/stlflix_\/\",\"https:\/\/www.tiktok.com\/@stlflix\"]}]}<\/script>\n<!-- \/ Yoast SEO plugin. -->","yoast_head_json":{"title":"Press the Reindeer - MyStore - By STLFLIX","robots":{"index":"index","follow":"follow","max-snippet":"max-snippet:-1","max-image-preview":"max-image-preview:large","max-video-preview":"max-video-preview:-1"},"canonical":"https:\/\/www.testeminhalojamandela.biz\/product\/press-the-reindeer-68d7315cd793b\/","og_locale":"pt_BR","og_type":"article","og_title":"Press the Reindeer - MyStore - By STLFLIX","og_description":"\ud83e\udd8c Press the Reindeer \u2013 A Rena Encantada \ud83e\udd8c Diretamente do clima natalino, o Press the Reindeer \u00e9 puro charme e magia! Com seu design ador\u00e1vel e chifres imponentes, ele \u00e9 perfeito para encantar adultos e crian\u00e7as, trazendo a sensa\u00e7\u00e3o de aconchego e fantasia para qualquer ambiente. \ud83d\udd39 Caracter\u00edsticas: Formato fofo e detalhado de rena. [&hellip;]","og_url":"https:\/\/www.testeminhalojamandela.biz\/product\/press-the-reindeer-68d7315cd793b\/","og_site_name":"MyStore - By STLFLIX","article_publisher":"https:\/\/www.facebook.com\/STLFLIX","article_modified_time":"2025-09-27T03:48:24+00:00","og_image":[{"width":1080,"height":1350,"url":"https:\/\/www.testeminhalojamandela.biz\/wp-content\/uploads\/2025\/02\/Press_the_Reindeer_thumb_e0b532f6fc.jpg","type":"image\/jpeg"}],"twitter_card":"summary_large_image","twitter_misc":{"Est. reading time":"1 minute"},"schema":{"@context":"https:\/\/schema.org","@graph":[{"@type":"WebPage","@id":"https:\/\/www.testeminhalojamandela.biz\/product\/press-the-reindeer-68d7315cd793b\/","url":"https:\/\/www.testeminhalojamandela.biz\/product\/press-the-reindeer-68d7315cd793b\/","name":"Press the Reindeer - MyStore - By STLFLIX","isPartOf":{"@id":"https:\/\/my.stlflix.com\/tr\/#website"},"primaryImageOfPage":{"@id":"https:\/\/www.testeminhalojamandela.biz\/product\/press-the-reindeer-68d7315cd793b\/#primaryimage"},"image":{"@id":"https:\/\/www.testeminhalojamandela.biz\/product\/press-the-reindeer-68d7315cd793b\/#primaryimage"},"thumbnailUrl":"https:\/\/www.monitorstlflix.online\/wp-content\/uploads\/2025\/02\/Press_the_Reindeer_thumb_e0b532f6fc.jpg","datePublished":"2025-09-27T03:48:23+00:00","dateModified":"2025-09-27T03:48:24+00:00","breadcrumb":{"@id":"https:\/\/www.testeminhalojamandela.biz\/product\/press-the-reindeer-68d7315cd793b\/#breadcrumb"},"inLanguage":"pt-BR","potentialAction":[{"@type":"ReadAction","target":["https:\/\/www.testeminhalojamandela.biz\/product\/press-the-reindeer-68d7315cd793b\/"]}]},{"@type":"ImageObject","inLanguage":"pt-BR","@id":"https:\/\/www.testeminhalojamandela.biz\/product\/press-the-reindeer-68d7315cd793b\/#primaryimage","url":"https:\/\/www.monitorstlflix.online\/wp-content\/uploads\/2025\/02\/Press_the_Reindeer_thumb_e0b532f6fc.jpg","contentUrl":"https:\/\/www.monitorstlflix.online\/wp-content\/uploads\/2025\/02\/Press_the_Reindeer_thumb_e0b532f6fc.jpg","width":1080,"height":1350},{"@type":"BreadcrumbList","@id":"https:\/\/www.testeminhalojamandela.biz\/product\/press-the-reindeer-68d7315cd793b\/#breadcrumb","itemListElement":[{"@type":"ListItem","position":1,"name":"Home","item":"https:\/\/my.stlflix.com\/pt-br\/"},{"@type":"ListItem","position":2,"name":"Products","item":"https:\/\/my.stlflix.com\/fr\/shop\/"},{"@type":"ListItem","position":3,"name":"Press the Reindeer"}]},{"@type":"WebSite","@id":"https:\/\/my.stlflix.com\/tr\/#website","url":"https:\/\/my.stlflix.com\/tr\/","name":"MyStore - By STLFLIX","description":"","publisher":{"@id":"https:\/\/my.stlflix.com\/tr\/#organization"},"potentialAction":[{"@type":"SearchAction","target":{"@type":"EntryPoint","urlTemplate":"https:\/\/my.stlflix.com\/tr\/?s={search_term_string}"},"query-input":{"@type":"PropertyValueSpecification","valueRequired":true,"valueName":"search_term_string"}}],"inLanguage":"pt-BR"},{"@type":"Organization","@id":"https:\/\/my.stlflix.com\/tr\/#organization","name":"MyStore - By STLFLIX","url":"https:\/\/my.stlflix.com\/tr\/","logo":{"@type":"ImageObject","inLanguage":"pt-BR","@id":"https:\/\/my.stlflix.com\/tr\/#\/schema\/logo\/image\/","url":"https:\/\/my.stlflix.com\/wp-content\/uploads\/2024\/06\/logo-mystore.png","contentUrl":"https:\/\/my.stlflix.com\/wp-content\/uploads\/2024\/06\/logo-mystore.png","width":150,"height":41,"caption":"MyStore - By STLFLIX"},"image":{"@id":"https:\/\/my.stlflix.com\/tr\/#\/schema\/logo\/image\/"},"sameAs":["https:\/\/www.facebook.com\/STLFLIX","https:\/\/www.instagram.com\/stlflix_\/","https:\/\/www.tiktok.com\/@stlflix"]}]}},"_links":{"self":[{"href":"https:\/\/www.monitorstlflix.online\/pt-br\/wp-json\/wp\/v2\/product\/442246","targetHints":{"allow":["GET"]}}],"collection":[{"href":"https:\/\/www.monitorstlflix.online\/pt-br\/wp-json\/wp\/v2\/product"}],"about":[{"href":"https:\/\/www.monitorstlflix.online\/pt-br\/wp-json\/wp\/v2\/types\/product"}],"replies":[{"embeddable":true,"href":"https:\/\/www.monitorstlflix.online\/pt-br\/wp-json\/wp\/v2\/comments?post=442246"}],"wp:featuredmedia":[{"embeddable":true,"href":"https:\/\/www.monitorstlflix.online\/pt-br\/wp-json\/wp\/v2\/media\/273153"}],"wp:attachment":[{"href":"https:\/\/www.monitorstlflix.online\/pt-br\/wp-json\/wp\/v2\/media?parent=442246"}],"wp:term":[{"taxonomy":"product_brand","embeddable":true,"href":"https:\/\/www.monitorstlflix.online\/pt-br\/wp-json\/wp\/v2\/product_brand?post=442246"},{"taxonomy":"product_cat","embeddable":true,"href":"https:\/\/www.monitorstlflix.online\/pt-br\/wp-json\/wp\/v2\/product_cat?post=442246"},{"taxonomy":"product_tag","embeddable":true,"href":"https:\/\/www.monitorstlflix.online\/pt-br\/wp-json\/wp\/v2\/product_tag?post=442246"}],"curies":[{"name":"wp","href":"https:\/\/api.w.org\/{rel}","templated":true}]}}