{"id":403072,"date":"2025-07-12T16:06:21","date_gmt":"2025-07-12T16:06:21","guid":{"rendered":"https:\/\/my.stlflix.com\/?post_type=product&#038;p=403072"},"modified":"2025-07-19T19:42:49","modified_gmt":"2025-07-19T19:42:49","slug":"diamond-vase-68728591ccb53","status":"publish","type":"product","link":"https:\/\/www.monitorstlflix.online\/pt-br\/product\/diamond-vase-68728591ccb53\/","title":{"rendered":"Vaso Elegante Para Flores 20cm"},"content":{"rendered":"<p>Transforme qualquer ambiente com um toque de eleg\u00e2ncia minimalista!<br data-start=\"302\" data-end=\"305\" \/>O <strong data-start=\"307\" data-end=\"323\">Vaso Diamond<\/strong>, com seus detalhes facetados e design moderno, \u00e9 perfeito para quem deseja decorar a casa com estilo e sofistica\u00e7\u00e3o, sem abrir m\u00e3o da praticidade.<\/p>\n<h4 data-start=\"477\" data-end=\"496\">\ud83c\udfe0 Ideal para:<\/h4>\n<ul data-start=\"497\" data-end=\"625\">\n<li data-start=\"497\" data-end=\"555\">\n<p data-start=\"499\" data-end=\"555\">Salas de estar, escrit\u00f3rios, hall de entrada ou varandas;<\/p>\n<\/li>\n<li data-start=\"556\" data-end=\"594\">\n<p data-start=\"558\" data-end=\"594\">Compor arranjos secos ou artificiais;<\/p>\n<\/li>\n<li data-start=\"595\" data-end=\"625\">\n<p data-start=\"597\" data-end=\"625\">Presentear com personalidade;<\/p>\n<\/li>\n<\/ul>\n<h4 data-start=\"632\" data-end=\"655\">\ud83d\udcd0 Especifica\u00e7\u00f5es:<\/h4>\n<ul data-start=\"656\" data-end=\"836\">\n<li data-start=\"656\" data-end=\"676\">\n<p data-start=\"658\" data-end=\"676\"><strong data-start=\"658\" data-end=\"669\">Altura:<\/strong> 20cm<\/p>\n<\/li>\n<li data-start=\"677\" data-end=\"728\">\n<p data-start=\"679\" data-end=\"728\"><strong data-start=\"679\" data-end=\"726\">Modelo leve, resistente<\/strong><\/p>\n<p>Caso prefira comprar pelo mercado livre e receber no conforto de sua casa:\u00a0 <a href=\"https:\/\/produto.mercadolivre.com.br\/MLB-5508841418-vaso-decorativo-elegante-para-flores-20cm-_JM\">https:\/\/www.mercadolivre.com.br<\/a><\/p>\n<p>&nbsp;<\/li>\n<\/ul>\n","protected":false},"excerpt":{"rendered":"<p>Transforme qualquer ambiente com um toque de eleg\u00e2ncia minimalista!O Vaso Diamond, com seus detalhes facetados e design moderno, \u00e9 perfeito para quem deseja decorar a casa com estilo e sofistica\u00e7\u00e3o, sem abrir m\u00e3o da praticidade. \ud83c\udfe0 Ideal para: Salas de estar, escrit\u00f3rios, hall de entrada ou varandas; Compor arranjos secos ou artificiais; Presentear com personalidade; [&hellip;]<\/p>\n","protected":false},"featured_media":403074,"comment_status":"open","ping_status":"closed","template":"","meta":[],"product_brand":[],"product_cat":[25],"product_tag":[6022],"class_list":{"0":"post-403072","1":"product","2":"type-product","3":"status-publish","4":"has-post-thumbnail","6":"product_cat-home-decor","7":"product_tag-decoracao-3","9":"first","10":"instock","11":"sale","12":"purchasable","13":"product-type-simple"},"yoast_head":"<!-- This site is optimized with the Yoast SEO plugin v25.1 - https:\/\/yoast.com\/wordpress\/plugins\/seo\/ -->\n<title>Vaso Elegante Para Flores 20cm - MyStore - By STLFLIX<\/title>\n<meta name=\"robots\" content=\"index, follow, max-snippet:-1, max-image-preview:large, max-video-preview:-1\" \/>\n<link rel=\"canonical\" href=\"https:\/\/www.monitorstlflix.online\/pt-br\/product\/diamond-vase-68728591ccb53\/\" \/>\n<meta property=\"og:locale\" content=\"pt_BR\" \/>\n<meta property=\"og:type\" content=\"article\" \/>\n<meta property=\"og:title\" content=\"Vaso Elegante Para Flores 20cm - MyStore - By STLFLIX\" \/>\n<meta property=\"og:description\" content=\"Transforme qualquer ambiente com um toque de eleg\u00e2ncia minimalista!O Vaso Diamond, com seus detalhes facetados e design moderno, \u00e9 perfeito para quem deseja decorar a casa com estilo e sofistica\u00e7\u00e3o, sem abrir m\u00e3o da praticidade. \ud83c\udfe0 Ideal para: Salas de estar, escrit\u00f3rios, hall de entrada ou varandas; Compor arranjos secos ou artificiais; Presentear com personalidade; [&hellip;]\" \/>\n<meta property=\"og:url\" content=\"https:\/\/www.monitorstlflix.online\/pt-br\/product\/diamond-vase-68728591ccb53\/\" \/>\n<meta property=\"og:site_name\" content=\"MyStore - By STLFLIX\" \/>\n<meta property=\"article:publisher\" content=\"https:\/\/www.facebook.com\/STLFLIX\" \/>\n<meta property=\"article:modified_time\" content=\"2025-07-19T19:42:49+00:00\" \/>\n<meta property=\"og:image\" content=\"https:\/\/www.monitorstlflix.online\/wp-content\/uploads\/2025\/07\/imagem_2025-07-12_130022316.png\" \/>\n\t<meta property=\"og:image:width\" content=\"700\" \/>\n\t<meta property=\"og:image:height\" content=\"874\" \/>\n\t<meta property=\"og:image:type\" content=\"image\/png\" \/>\n<meta name=\"twitter:card\" content=\"summary_large_image\" \/>\n<script type=\"application\/ld+json\" class=\"yoast-schema-graph\">{\"@context\":\"https:\/\/schema.org\",\"@graph\":[{\"@type\":\"WebPage\",\"@id\":\"https:\/\/www.monitorstlflix.online\/pt-br\/product\/diamond-vase-68728591ccb53\/\",\"url\":\"https:\/\/www.monitorstlflix.online\/pt-br\/product\/diamond-vase-68728591ccb53\/\",\"name\":\"Vaso Elegante Para Flores 20cm - MyStore - By STLFLIX\",\"isPartOf\":{\"@id\":\"https:\/\/www.monitorstlflix.com\/#website\"},\"primaryImageOfPage\":{\"@id\":\"https:\/\/www.monitorstlflix.online\/pt-br\/product\/diamond-vase-68728591ccb53\/#primaryimage\"},\"image\":{\"@id\":\"https:\/\/www.monitorstlflix.online\/pt-br\/product\/diamond-vase-68728591ccb53\/#primaryimage\"},\"thumbnailUrl\":\"https:\/\/www.monitorstlflix.online\/wp-content\/uploads\/2025\/07\/imagem_2025-07-12_130022316.png\",\"datePublished\":\"2025-07-12T16:06:21+00:00\",\"dateModified\":\"2025-07-19T19:42:49+00:00\",\"breadcrumb\":{\"@id\":\"https:\/\/www.monitorstlflix.online\/pt-br\/product\/diamond-vase-68728591ccb53\/#breadcrumb\"},\"inLanguage\":\"pt-BR\",\"potentialAction\":[{\"@type\":\"ReadAction\",\"target\":[\"https:\/\/www.monitorstlflix.online\/pt-br\/product\/diamond-vase-68728591ccb53\/\"]}]},{\"@type\":\"ImageObject\",\"inLanguage\":\"pt-BR\",\"@id\":\"https:\/\/www.monitorstlflix.online\/pt-br\/product\/diamond-vase-68728591ccb53\/#primaryimage\",\"url\":\"https:\/\/www.monitorstlflix.online\/wp-content\/uploads\/2025\/07\/imagem_2025-07-12_130022316.png\",\"contentUrl\":\"https:\/\/www.monitorstlflix.online\/wp-content\/uploads\/2025\/07\/imagem_2025-07-12_130022316.png\",\"width\":700,\"height\":874},{\"@type\":\"BreadcrumbList\",\"@id\":\"https:\/\/www.monitorstlflix.online\/pt-br\/product\/diamond-vase-68728591ccb53\/#breadcrumb\",\"itemListElement\":[{\"@type\":\"ListItem\",\"position\":1,\"name\":\"Home\",\"item\":\"https:\/\/www.monitorstlflix.online\/pt-br\/\"},{\"@type\":\"ListItem\",\"position\":2,\"name\":\"Products\",\"item\":\"https:\/\/my.stlflix.com\/fr\/shop\/\"},{\"@type\":\"ListItem\",\"position\":3,\"name\":\"Vaso Elegante Para Flores 20cm\"}]},{\"@type\":\"WebSite\",\"@id\":\"https:\/\/www.monitorstlflix.com\/#website\",\"url\":\"https:\/\/www.monitorstlflix.com\/\",\"name\":\"MyStore - By STLFLIX\",\"description\":\"\",\"publisher\":{\"@id\":\"https:\/\/www.monitorstlflix.com\/#organization\"},\"potentialAction\":[{\"@type\":\"SearchAction\",\"target\":{\"@type\":\"EntryPoint\",\"urlTemplate\":\"https:\/\/www.monitorstlflix.com\/?s={search_term_string}\"},\"query-input\":{\"@type\":\"PropertyValueSpecification\",\"valueRequired\":true,\"valueName\":\"search_term_string\"}}],\"inLanguage\":\"pt-BR\"},{\"@type\":\"Organization\",\"@id\":\"https:\/\/www.monitorstlflix.com\/#organization\",\"name\":\"MyStore - By STLFLIX\",\"url\":\"https:\/\/www.monitorstlflix.com\/\",\"logo\":{\"@type\":\"ImageObject\",\"inLanguage\":\"pt-BR\",\"@id\":\"https:\/\/www.monitorstlflix.com\/#\/schema\/logo\/image\/\",\"url\":\"https:\/\/my.stlflix.com\/wp-content\/uploads\/2024\/06\/logo-mystore.png\",\"contentUrl\":\"https:\/\/my.stlflix.com\/wp-content\/uploads\/2024\/06\/logo-mystore.png\",\"width\":150,\"height\":41,\"caption\":\"MyStore - By STLFLIX\"},\"image\":{\"@id\":\"https:\/\/www.monitorstlflix.com\/#\/schema\/logo\/image\/\"},\"sameAs\":[\"https:\/\/www.facebook.com\/STLFLIX\",\"https:\/\/www.instagram.com\/stlflix_\/\",\"https:\/\/www.tiktok.com\/@stlflix\"]}]}<\/script>\n<!-- \/ Yoast SEO plugin. -->","yoast_head_json":{"title":"Vaso Elegante Para Flores 20cm - MyStore - By STLFLIX","robots":{"index":"index","follow":"follow","max-snippet":"max-snippet:-1","max-image-preview":"max-image-preview:large","max-video-preview":"max-video-preview:-1"},"canonical":"https:\/\/www.monitorstlflix.online\/pt-br\/product\/diamond-vase-68728591ccb53\/","og_locale":"pt_BR","og_type":"article","og_title":"Vaso Elegante Para Flores 20cm - MyStore - By STLFLIX","og_description":"Transforme qualquer ambiente com um toque de eleg\u00e2ncia minimalista!O Vaso Diamond, com seus detalhes facetados e design moderno, \u00e9 perfeito para quem deseja decorar a casa com estilo e sofistica\u00e7\u00e3o, sem abrir m\u00e3o da praticidade. \ud83c\udfe0 Ideal para: Salas de estar, escrit\u00f3rios, hall de entrada ou varandas; Compor arranjos secos ou artificiais; Presentear com personalidade; [&hellip;]","og_url":"https:\/\/www.monitorstlflix.online\/pt-br\/product\/diamond-vase-68728591ccb53\/","og_site_name":"MyStore - By STLFLIX","article_publisher":"https:\/\/www.facebook.com\/STLFLIX","article_modified_time":"2025-07-19T19:42:49+00:00","og_image":[{"width":700,"height":874,"url":"https:\/\/www.monitorstlflix.online\/wp-content\/uploads\/2025\/07\/imagem_2025-07-12_130022316.png","type":"image\/png"}],"twitter_card":"summary_large_image","schema":{"@context":"https:\/\/schema.org","@graph":[{"@type":"WebPage","@id":"https:\/\/www.monitorstlflix.online\/pt-br\/product\/diamond-vase-68728591ccb53\/","url":"https:\/\/www.monitorstlflix.online\/pt-br\/product\/diamond-vase-68728591ccb53\/","name":"Vaso Elegante Para Flores 20cm - MyStore - By STLFLIX","isPartOf":{"@id":"https:\/\/www.monitorstlflix.com\/#website"},"primaryImageOfPage":{"@id":"https:\/\/www.monitorstlflix.online\/pt-br\/product\/diamond-vase-68728591ccb53\/#primaryimage"},"image":{"@id":"https:\/\/www.monitorstlflix.online\/pt-br\/product\/diamond-vase-68728591ccb53\/#primaryimage"},"thumbnailUrl":"https:\/\/www.monitorstlflix.online\/wp-content\/uploads\/2025\/07\/imagem_2025-07-12_130022316.png","datePublished":"2025-07-12T16:06:21+00:00","dateModified":"2025-07-19T19:42:49+00:00","breadcrumb":{"@id":"https:\/\/www.monitorstlflix.online\/pt-br\/product\/diamond-vase-68728591ccb53\/#breadcrumb"},"inLanguage":"pt-BR","potentialAction":[{"@type":"ReadAction","target":["https:\/\/www.monitorstlflix.online\/pt-br\/product\/diamond-vase-68728591ccb53\/"]}]},{"@type":"ImageObject","inLanguage":"pt-BR","@id":"https:\/\/www.monitorstlflix.online\/pt-br\/product\/diamond-vase-68728591ccb53\/#primaryimage","url":"https:\/\/www.monitorstlflix.online\/wp-content\/uploads\/2025\/07\/imagem_2025-07-12_130022316.png","contentUrl":"https:\/\/www.monitorstlflix.online\/wp-content\/uploads\/2025\/07\/imagem_2025-07-12_130022316.png","width":700,"height":874},{"@type":"BreadcrumbList","@id":"https:\/\/www.monitorstlflix.online\/pt-br\/product\/diamond-vase-68728591ccb53\/#breadcrumb","itemListElement":[{"@type":"ListItem","position":1,"name":"Home","item":"https:\/\/www.monitorstlflix.online\/pt-br\/"},{"@type":"ListItem","position":2,"name":"Products","item":"https:\/\/my.stlflix.com\/fr\/shop\/"},{"@type":"ListItem","position":3,"name":"Vaso Elegante Para Flores 20cm"}]},{"@type":"WebSite","@id":"https:\/\/www.monitorstlflix.com\/#website","url":"https:\/\/www.monitorstlflix.com\/","name":"MyStore - By STLFLIX","description":"","publisher":{"@id":"https:\/\/www.monitorstlflix.com\/#organization"},"potentialAction":[{"@type":"SearchAction","target":{"@type":"EntryPoint","urlTemplate":"https:\/\/www.monitorstlflix.com\/?s={search_term_string}"},"query-input":{"@type":"PropertyValueSpecification","valueRequired":true,"valueName":"search_term_string"}}],"inLanguage":"pt-BR"},{"@type":"Organization","@id":"https:\/\/www.monitorstlflix.com\/#organization","name":"MyStore - By STLFLIX","url":"https:\/\/www.monitorstlflix.com\/","logo":{"@type":"ImageObject","inLanguage":"pt-BR","@id":"https:\/\/www.monitorstlflix.com\/#\/schema\/logo\/image\/","url":"https:\/\/my.stlflix.com\/wp-content\/uploads\/2024\/06\/logo-mystore.png","contentUrl":"https:\/\/my.stlflix.com\/wp-content\/uploads\/2024\/06\/logo-mystore.png","width":150,"height":41,"caption":"MyStore - By STLFLIX"},"image":{"@id":"https:\/\/www.monitorstlflix.com\/#\/schema\/logo\/image\/"},"sameAs":["https:\/\/www.facebook.com\/STLFLIX","https:\/\/www.instagram.com\/stlflix_\/","https:\/\/www.tiktok.com\/@stlflix"]}]}},"_links":{"self":[{"href":"https:\/\/www.monitorstlflix.online\/pt-br\/wp-json\/wp\/v2\/product\/403072","targetHints":{"allow":["GET"]}}],"collection":[{"href":"https:\/\/www.monitorstlflix.online\/pt-br\/wp-json\/wp\/v2\/product"}],"about":[{"href":"https:\/\/www.monitorstlflix.online\/pt-br\/wp-json\/wp\/v2\/types\/product"}],"replies":[{"embeddable":true,"href":"https:\/\/www.monitorstlflix.online\/pt-br\/wp-json\/wp\/v2\/comments?post=403072"}],"wp:featuredmedia":[{"embeddable":true,"href":"https:\/\/www.monitorstlflix.online\/pt-br\/wp-json\/wp\/v2\/media\/403074"}],"wp:attachment":[{"href":"https:\/\/www.monitorstlflix.online\/pt-br\/wp-json\/wp\/v2\/media?parent=403072"}],"wp:term":[{"taxonomy":"product_brand","embeddable":true,"href":"https:\/\/www.monitorstlflix.online\/pt-br\/wp-json\/wp\/v2\/product_brand?post=403072"},{"taxonomy":"product_cat","embeddable":true,"href":"https:\/\/www.monitorstlflix.online\/pt-br\/wp-json\/wp\/v2\/product_cat?post=403072"},{"taxonomy":"product_tag","embeddable":true,"href":"https:\/\/www.monitorstlflix.online\/pt-br\/wp-json\/wp\/v2\/product_tag?post=403072"}],"curies":[{"name":"wp","href":"https:\/\/api.w.org\/{rel}","templated":true}]}}