{"id":363526,"date":"2025-06-10T07:11:51","date_gmt":"2025-06-10T07:11:51","guid":{"rendered":"https:\/\/my.stlflix.com\/?post_type=product&#038;p=363526"},"modified":"2025-06-10T07:31:56","modified_gmt":"2025-06-10T07:31:56","slug":"minime-custom-avatar-6833a10252fab","status":"publish","type":"product","link":"https:\/\/www.monitorstlflix.online\/pt-br\/product\/minime-custom-avatar-6833a10252fab\/","title":{"rendered":"MiniMe &#8211; Boneco Customiz\u00e1vel"},"content":{"rendered":"<p data-start=\"152\" data-end=\"425\">D\u00ea vida \u00e0s suas mem\u00f3rias com esses bonequinhos \u00fanicos, impressos em 3D com PLA, um material ecol\u00f3gico e biodegrad\u00e1vel. Cada pe\u00e7a \u00e9 feita com riqueza de detalhes, j\u00e1 na cor final, sem necessidade de pintura.<\/p>\n<p data-start=\"427\" data-end=\"703\">Voc\u00ea pode escolher vers\u00f5es <strong data-start=\"454\" data-end=\"481\">individuais ou em dupla<\/strong>, e ainda personalizar com nomes, estilos e caracter\u00edsticas especiais. Um presente criativo, exclusivo e cheio de personalidade \u2014 perfeito para datas especiais, casais, amigos, fam\u00edlia ou at\u00e9 para voc\u00ea se ver em miniatura!<\/p>\n<p data-start=\"705\" data-end=\"821\">\ud83c\udf81 <strong data-start=\"708\" data-end=\"736\">Altamente personaliz\u00e1vel<\/strong><br data-start=\"736\" data-end=\"739\" \/>\u267b\ufe0f <strong data-start=\"742\" data-end=\"769\">Feito com PLA ecol\u00f3gico<\/strong><br data-start=\"769\" data-end=\"772\" \/>\ud83e\udde9 <strong data-start=\"775\" data-end=\"821\">Compre sozinho ou monte sua dupla favorita<\/strong><\/p>\n","protected":false},"excerpt":{"rendered":"<p>D\u00ea vida \u00e0s suas mem\u00f3rias com esses bonequinhos \u00fanicos, impressos em 3D com PLA, um material ecol\u00f3gico e biodegrad\u00e1vel. Cada pe\u00e7a \u00e9 feita com riqueza de detalhes, j\u00e1 na cor final, sem necessidade de pintura. Voc\u00ea pode escolher vers\u00f5es individuais ou em dupla, e ainda personalizar com nomes, estilos e caracter\u00edsticas especiais. Um presente criativo, [&hellip;]<\/p>\n","protected":false},"featured_media":378401,"comment_status":"open","ping_status":"closed","template":"","meta":[],"product_brand":[],"product_cat":[15],"product_tag":[4026,5781,6022,5081,6043],"class_list":{"0":"post-363526","1":"product","2":"type-product","3":"status-publish","4":"has-post-thumbnail","6":"product_cat-uncategorized","7":"product_tag-articulated-2","8":"product_tag-articulated-toys-2","9":"product_tag-decoracao-3","10":"product_tag-home-decor-3","11":"product_tag-magnet-2","13":"first","14":"instock","15":"shipping-taxable","16":"product-type-variable"},"yoast_head":"<!-- This site is optimized with the Yoast SEO plugin v25.1 - https:\/\/yoast.com\/wordpress\/plugins\/seo\/ -->\n<title>MiniMe - Boneco Customiz\u00e1vel - MyStore - By STLFLIX<\/title>\n<meta name=\"robots\" content=\"index, follow, max-snippet:-1, max-image-preview:large, max-video-preview:-1\" \/>\n<link rel=\"canonical\" href=\"https:\/\/www.monitorstlflix.online\/pt-br\/product\/minime-custom-avatar-6833a10252fab\/\" \/>\n<meta property=\"og:locale\" content=\"pt_BR\" \/>\n<meta property=\"og:type\" content=\"article\" \/>\n<meta property=\"og:title\" content=\"MiniMe - Boneco Customiz\u00e1vel - MyStore - By STLFLIX\" \/>\n<meta property=\"og:description\" content=\"D\u00ea vida \u00e0s suas mem\u00f3rias com esses bonequinhos \u00fanicos, impressos em 3D com PLA, um material ecol\u00f3gico e biodegrad\u00e1vel. Cada pe\u00e7a \u00e9 feita com riqueza de detalhes, j\u00e1 na cor final, sem necessidade de pintura. Voc\u00ea pode escolher vers\u00f5es individuais ou em dupla, e ainda personalizar com nomes, estilos e caracter\u00edsticas especiais. Um presente criativo, [&hellip;]\" \/>\n<meta property=\"og:url\" content=\"https:\/\/www.monitorstlflix.online\/pt-br\/product\/minime-custom-avatar-6833a10252fab\/\" \/>\n<meta property=\"og:site_name\" content=\"MyStore - By STLFLIX\" \/>\n<meta property=\"article:publisher\" content=\"https:\/\/www.facebook.com\/STLFLIX\" \/>\n<meta property=\"article:modified_time\" content=\"2025-06-10T07:31:56+00:00\" \/>\n<meta property=\"og:image\" content=\"https:\/\/www.monitorstlflix.online\/wp-content\/uploads\/2025\/06\/Luigi-Amora.jpeg\" \/>\n\t<meta property=\"og:image:width\" content=\"900\" \/>\n\t<meta property=\"og:image:height\" content=\"1600\" \/>\n\t<meta property=\"og:image:type\" content=\"image\/jpeg\" \/>\n<meta name=\"twitter:card\" content=\"summary_large_image\" \/>\n<script type=\"application\/ld+json\" class=\"yoast-schema-graph\">{\"@context\":\"https:\/\/schema.org\",\"@graph\":[{\"@type\":\"WebPage\",\"@id\":\"https:\/\/www.monitorstlflix.online\/pt-br\/product\/minime-custom-avatar-6833a10252fab\/\",\"url\":\"https:\/\/www.monitorstlflix.online\/pt-br\/product\/minime-custom-avatar-6833a10252fab\/\",\"name\":\"MiniMe - Boneco Customiz\u00e1vel - MyStore - By STLFLIX\",\"isPartOf\":{\"@id\":\"https:\/\/my.stlflix.com\/tr\/#website\"},\"primaryImageOfPage\":{\"@id\":\"https:\/\/www.monitorstlflix.online\/pt-br\/product\/minime-custom-avatar-6833a10252fab\/#primaryimage\"},\"image\":{\"@id\":\"https:\/\/www.monitorstlflix.online\/pt-br\/product\/minime-custom-avatar-6833a10252fab\/#primaryimage\"},\"thumbnailUrl\":\"https:\/\/www.monitorstlflix.online\/wp-content\/uploads\/2025\/06\/Luigi-Amora.jpeg\",\"datePublished\":\"2025-06-10T07:11:51+00:00\",\"dateModified\":\"2025-06-10T07:31:56+00:00\",\"breadcrumb\":{\"@id\":\"https:\/\/www.monitorstlflix.online\/pt-br\/product\/minime-custom-avatar-6833a10252fab\/#breadcrumb\"},\"inLanguage\":\"pt-BR\",\"potentialAction\":[{\"@type\":\"ReadAction\",\"target\":[\"https:\/\/www.monitorstlflix.online\/pt-br\/product\/minime-custom-avatar-6833a10252fab\/\"]}]},{\"@type\":\"ImageObject\",\"inLanguage\":\"pt-BR\",\"@id\":\"https:\/\/www.monitorstlflix.online\/pt-br\/product\/minime-custom-avatar-6833a10252fab\/#primaryimage\",\"url\":\"https:\/\/www.monitorstlflix.online\/wp-content\/uploads\/2025\/06\/Luigi-Amora.jpeg\",\"contentUrl\":\"https:\/\/www.monitorstlflix.online\/wp-content\/uploads\/2025\/06\/Luigi-Amora.jpeg\",\"width\":900,\"height\":1600},{\"@type\":\"BreadcrumbList\",\"@id\":\"https:\/\/www.monitorstlflix.online\/pt-br\/product\/minime-custom-avatar-6833a10252fab\/#breadcrumb\",\"itemListElement\":[{\"@type\":\"ListItem\",\"position\":1,\"name\":\"Home\",\"item\":\"https:\/\/my.stlflix.com\/pt-br\/\"},{\"@type\":\"ListItem\",\"position\":2,\"name\":\"Products\",\"item\":\"https:\/\/my.stlflix.com\/fr\/shop\/\"},{\"@type\":\"ListItem\",\"position\":3,\"name\":\"MiniMe &#8211; Boneco Customiz\u00e1vel\"}]},{\"@type\":\"WebSite\",\"@id\":\"https:\/\/my.stlflix.com\/tr\/#website\",\"url\":\"https:\/\/my.stlflix.com\/tr\/\",\"name\":\"MyStore - By STLFLIX\",\"description\":\"\",\"publisher\":{\"@id\":\"https:\/\/my.stlflix.com\/tr\/#organization\"},\"potentialAction\":[{\"@type\":\"SearchAction\",\"target\":{\"@type\":\"EntryPoint\",\"urlTemplate\":\"https:\/\/my.stlflix.com\/tr\/?s={search_term_string}\"},\"query-input\":{\"@type\":\"PropertyValueSpecification\",\"valueRequired\":true,\"valueName\":\"search_term_string\"}}],\"inLanguage\":\"pt-BR\"},{\"@type\":\"Organization\",\"@id\":\"https:\/\/my.stlflix.com\/tr\/#organization\",\"name\":\"MyStore - By STLFLIX\",\"url\":\"https:\/\/my.stlflix.com\/tr\/\",\"logo\":{\"@type\":\"ImageObject\",\"inLanguage\":\"pt-BR\",\"@id\":\"https:\/\/my.stlflix.com\/tr\/#\/schema\/logo\/image\/\",\"url\":\"https:\/\/my.stlflix.com\/wp-content\/uploads\/2024\/06\/logo-mystore.png\",\"contentUrl\":\"https:\/\/my.stlflix.com\/wp-content\/uploads\/2024\/06\/logo-mystore.png\",\"width\":150,\"height\":41,\"caption\":\"MyStore - By STLFLIX\"},\"image\":{\"@id\":\"https:\/\/my.stlflix.com\/tr\/#\/schema\/logo\/image\/\"},\"sameAs\":[\"https:\/\/www.facebook.com\/STLFLIX\",\"https:\/\/www.instagram.com\/stlflix_\/\",\"https:\/\/www.tiktok.com\/@stlflix\"]}]}<\/script>\n<!-- \/ Yoast SEO plugin. -->","yoast_head_json":{"title":"MiniMe - Boneco Customiz\u00e1vel - MyStore - By STLFLIX","robots":{"index":"index","follow":"follow","max-snippet":"max-snippet:-1","max-image-preview":"max-image-preview:large","max-video-preview":"max-video-preview:-1"},"canonical":"https:\/\/www.monitorstlflix.online\/pt-br\/product\/minime-custom-avatar-6833a10252fab\/","og_locale":"pt_BR","og_type":"article","og_title":"MiniMe - Boneco Customiz\u00e1vel - MyStore - By STLFLIX","og_description":"D\u00ea vida \u00e0s suas mem\u00f3rias com esses bonequinhos \u00fanicos, impressos em 3D com PLA, um material ecol\u00f3gico e biodegrad\u00e1vel. Cada pe\u00e7a \u00e9 feita com riqueza de detalhes, j\u00e1 na cor final, sem necessidade de pintura. Voc\u00ea pode escolher vers\u00f5es individuais ou em dupla, e ainda personalizar com nomes, estilos e caracter\u00edsticas especiais. Um presente criativo, [&hellip;]","og_url":"https:\/\/www.monitorstlflix.online\/pt-br\/product\/minime-custom-avatar-6833a10252fab\/","og_site_name":"MyStore - By STLFLIX","article_publisher":"https:\/\/www.facebook.com\/STLFLIX","article_modified_time":"2025-06-10T07:31:56+00:00","og_image":[{"width":900,"height":1600,"url":"https:\/\/www.monitorstlflix.online\/wp-content\/uploads\/2025\/06\/Luigi-Amora.jpeg","type":"image\/jpeg"}],"twitter_card":"summary_large_image","schema":{"@context":"https:\/\/schema.org","@graph":[{"@type":"WebPage","@id":"https:\/\/www.monitorstlflix.online\/pt-br\/product\/minime-custom-avatar-6833a10252fab\/","url":"https:\/\/www.monitorstlflix.online\/pt-br\/product\/minime-custom-avatar-6833a10252fab\/","name":"MiniMe - Boneco Customiz\u00e1vel - MyStore - By STLFLIX","isPartOf":{"@id":"https:\/\/my.stlflix.com\/tr\/#website"},"primaryImageOfPage":{"@id":"https:\/\/www.monitorstlflix.online\/pt-br\/product\/minime-custom-avatar-6833a10252fab\/#primaryimage"},"image":{"@id":"https:\/\/www.monitorstlflix.online\/pt-br\/product\/minime-custom-avatar-6833a10252fab\/#primaryimage"},"thumbnailUrl":"https:\/\/www.monitorstlflix.online\/wp-content\/uploads\/2025\/06\/Luigi-Amora.jpeg","datePublished":"2025-06-10T07:11:51+00:00","dateModified":"2025-06-10T07:31:56+00:00","breadcrumb":{"@id":"https:\/\/www.monitorstlflix.online\/pt-br\/product\/minime-custom-avatar-6833a10252fab\/#breadcrumb"},"inLanguage":"pt-BR","potentialAction":[{"@type":"ReadAction","target":["https:\/\/www.monitorstlflix.online\/pt-br\/product\/minime-custom-avatar-6833a10252fab\/"]}]},{"@type":"ImageObject","inLanguage":"pt-BR","@id":"https:\/\/www.monitorstlflix.online\/pt-br\/product\/minime-custom-avatar-6833a10252fab\/#primaryimage","url":"https:\/\/www.monitorstlflix.online\/wp-content\/uploads\/2025\/06\/Luigi-Amora.jpeg","contentUrl":"https:\/\/www.monitorstlflix.online\/wp-content\/uploads\/2025\/06\/Luigi-Amora.jpeg","width":900,"height":1600},{"@type":"BreadcrumbList","@id":"https:\/\/www.monitorstlflix.online\/pt-br\/product\/minime-custom-avatar-6833a10252fab\/#breadcrumb","itemListElement":[{"@type":"ListItem","position":1,"name":"Home","item":"https:\/\/my.stlflix.com\/pt-br\/"},{"@type":"ListItem","position":2,"name":"Products","item":"https:\/\/my.stlflix.com\/fr\/shop\/"},{"@type":"ListItem","position":3,"name":"MiniMe &#8211; Boneco Customiz\u00e1vel"}]},{"@type":"WebSite","@id":"https:\/\/my.stlflix.com\/tr\/#website","url":"https:\/\/my.stlflix.com\/tr\/","name":"MyStore - By STLFLIX","description":"","publisher":{"@id":"https:\/\/my.stlflix.com\/tr\/#organization"},"potentialAction":[{"@type":"SearchAction","target":{"@type":"EntryPoint","urlTemplate":"https:\/\/my.stlflix.com\/tr\/?s={search_term_string}"},"query-input":{"@type":"PropertyValueSpecification","valueRequired":true,"valueName":"search_term_string"}}],"inLanguage":"pt-BR"},{"@type":"Organization","@id":"https:\/\/my.stlflix.com\/tr\/#organization","name":"MyStore - By STLFLIX","url":"https:\/\/my.stlflix.com\/tr\/","logo":{"@type":"ImageObject","inLanguage":"pt-BR","@id":"https:\/\/my.stlflix.com\/tr\/#\/schema\/logo\/image\/","url":"https:\/\/my.stlflix.com\/wp-content\/uploads\/2024\/06\/logo-mystore.png","contentUrl":"https:\/\/my.stlflix.com\/wp-content\/uploads\/2024\/06\/logo-mystore.png","width":150,"height":41,"caption":"MyStore - By STLFLIX"},"image":{"@id":"https:\/\/my.stlflix.com\/tr\/#\/schema\/logo\/image\/"},"sameAs":["https:\/\/www.facebook.com\/STLFLIX","https:\/\/www.instagram.com\/stlflix_\/","https:\/\/www.tiktok.com\/@stlflix"]}]}},"_links":{"self":[{"href":"https:\/\/www.monitorstlflix.online\/pt-br\/wp-json\/wp\/v2\/product\/363526","targetHints":{"allow":["GET"]}}],"collection":[{"href":"https:\/\/www.monitorstlflix.online\/pt-br\/wp-json\/wp\/v2\/product"}],"about":[{"href":"https:\/\/www.monitorstlflix.online\/pt-br\/wp-json\/wp\/v2\/types\/product"}],"replies":[{"embeddable":true,"href":"https:\/\/www.monitorstlflix.online\/pt-br\/wp-json\/wp\/v2\/comments?post=363526"}],"wp:featuredmedia":[{"embeddable":true,"href":"https:\/\/www.monitorstlflix.online\/pt-br\/wp-json\/wp\/v2\/media\/378401"}],"wp:attachment":[{"href":"https:\/\/www.monitorstlflix.online\/pt-br\/wp-json\/wp\/v2\/media?parent=363526"}],"wp:term":[{"taxonomy":"product_brand","embeddable":true,"href":"https:\/\/www.monitorstlflix.online\/pt-br\/wp-json\/wp\/v2\/product_brand?post=363526"},{"taxonomy":"product_cat","embeddable":true,"href":"https:\/\/www.monitorstlflix.online\/pt-br\/wp-json\/wp\/v2\/product_cat?post=363526"},{"taxonomy":"product_tag","embeddable":true,"href":"https:\/\/www.monitorstlflix.online\/pt-br\/wp-json\/wp\/v2\/product_tag?post=363526"}],"curies":[{"name":"wp","href":"https:\/\/api.w.org\/{rel}","templated":true}]}}