{"id":318442,"date":"2025-04-19T16:06:19","date_gmt":"2025-04-19T16:06:19","guid":{"rendered":"https:\/\/my.stlflix.com\/?post_type=product&#038;p=318442"},"modified":"2025-04-19T16:22:02","modified_gmt":"2025-04-19T16:22:02","slug":"marcador-de-tento-de-truco","status":"publish","type":"product","link":"https:\/\/www.monitorstlflix.online\/pt-br\/product\/marcador-de-tento-de-truco\/","title":{"rendered":"Marcador de Tento de Truco"},"content":{"rendered":"<p>Leve seus jogos de Truco para outro n\u00edvel com este Marcador de Tento! Feito com materiais de qualidade, ele \u00e9 perfeito para acompanhar suas partidas com praticidade e organiza\u00e7\u00e3o.<\/p>\n<p>Caracter\u00edsticas:<br \/>\n&#8211; Design cl\u00e1ssico e f\u00e1cil de usar, escrito &#8220;N\u00f3s&#8221; e &#8220;Eles&#8221;<br \/>\n&#8211; Ideal para Truco Paulista, Mineiro e Ga\u00facho<br \/>\n&#8211; Compacto e leve \u2013 f\u00e1cil de transportar<br \/>\n&#8211; Material: Pl\u00e1stico<\/p>\n<p>Acerte na jogada e nunca mais perca a conta dos tentos! Garanta j\u00e1 o seu!<\/p>\n<p>Obs: n\u00e3o acompanha o baralho<\/p>\n<p>Garantia do vendedor: 30 dias<\/p>\n","protected":false},"excerpt":{"rendered":"<p>Leve seus jogos de Truco para outro n\u00edvel com este Marcador de Tento! Feito com materiais de qualidade, ele \u00e9 perfeito para acompanhar suas partidas com praticidade e organiza\u00e7\u00e3o. Caracter\u00edsticas: &#8211; Design cl\u00e1ssico e f\u00e1cil de usar, escrito &#8220;N\u00f3s&#8221; e &#8220;Eles&#8221; &#8211; Ideal para Truco Paulista, Mineiro e Ga\u00facho &#8211; Compacto e leve \u2013 f\u00e1cil [&hellip;]<\/p>\n","protected":false},"featured_media":318443,"comment_status":"open","ping_status":"closed","template":"","meta":[],"product_brand":[],"product_cat":[15],"product_tag":[690],"class_list":{"0":"post-318442","1":"product","2":"type-product","3":"status-publish","4":"has-post-thumbnail","6":"product_cat-uncategorized","7":"product_tag-brinquedos","9":"first","10":"instock","11":"sale","12":"shipping-taxable","13":"purchasable","14":"product-type-simple"},"yoast_head":"<!-- This site is optimized with the Yoast SEO plugin v25.1 - https:\/\/yoast.com\/wordpress\/plugins\/seo\/ -->\n<title>Marcador de Tento de Truco - MyStore - By STLFLIX<\/title>\n<meta name=\"description\" content=\"Marcador de tento para jogo de truco, nunca mais perca seus feij\u00f5es embaixo da mesa\" \/>\n<meta name=\"robots\" content=\"index, follow, max-snippet:-1, max-image-preview:large, max-video-preview:-1\" \/>\n<link rel=\"canonical\" href=\"https:\/\/www.stlflix-store.com\/product\/marcador-de-tento-de-truco\/\" \/>\n<meta property=\"og:locale\" content=\"pt_BR\" \/>\n<meta property=\"og:type\" content=\"article\" \/>\n<meta property=\"og:title\" content=\"Marcador de Tento de Truco - MyStore - By STLFLIX\" \/>\n<meta property=\"og:description\" content=\"Marcador de tento para jogo de truco, nunca mais perca seus feij\u00f5es embaixo da mesa\" \/>\n<meta property=\"og:url\" content=\"https:\/\/www.stlflix-store.com\/product\/marcador-de-tento-de-truco\/\" \/>\n<meta property=\"og:site_name\" content=\"MyStore - By STLFLIX\" \/>\n<meta property=\"article:publisher\" content=\"https:\/\/www.facebook.com\/STLFLIX\" \/>\n<meta property=\"article:modified_time\" content=\"2025-04-19T16:22:02+00:00\" \/>\n<meta property=\"og:image\" content=\"https:\/\/www.stlflix-store.com\/wp-content\/uploads\/2025\/04\/1745079354971-scaled.jpg\" \/>\n\t<meta property=\"og:image:width\" content=\"2560\" \/>\n\t<meta property=\"og:image:height\" content=\"2560\" \/>\n\t<meta property=\"og:image:type\" content=\"image\/jpeg\" \/>\n<meta name=\"twitter:card\" content=\"summary_large_image\" \/>\n<script type=\"application\/ld+json\" class=\"yoast-schema-graph\">{\"@context\":\"https:\/\/schema.org\",\"@graph\":[{\"@type\":\"WebPage\",\"@id\":\"https:\/\/www.stlflix-store.com\/product\/marcador-de-tento-de-truco\/\",\"url\":\"https:\/\/www.stlflix-store.com\/product\/marcador-de-tento-de-truco\/\",\"name\":\"Marcador de Tento de Truco - MyStore - By STLFLIX\",\"isPartOf\":{\"@id\":\"https:\/\/my.stlflix.com\/tr\/#website\"},\"primaryImageOfPage\":{\"@id\":\"https:\/\/www.stlflix-store.com\/product\/marcador-de-tento-de-truco\/#primaryimage\"},\"image\":{\"@id\":\"https:\/\/www.stlflix-store.com\/product\/marcador-de-tento-de-truco\/#primaryimage\"},\"thumbnailUrl\":\"https:\/\/www.monitorstlflix.online\/wp-content\/uploads\/2025\/04\/1745079354971-scaled.jpg\",\"datePublished\":\"2025-04-19T16:06:19+00:00\",\"dateModified\":\"2025-04-19T16:22:02+00:00\",\"description\":\"Marcador de tento para jogo de truco, nunca mais perca seus feij\u00f5es embaixo da mesa\",\"breadcrumb\":{\"@id\":\"https:\/\/www.stlflix-store.com\/product\/marcador-de-tento-de-truco\/#breadcrumb\"},\"inLanguage\":\"pt-BR\",\"potentialAction\":[{\"@type\":\"ReadAction\",\"target\":[\"https:\/\/www.stlflix-store.com\/product\/marcador-de-tento-de-truco\/\"]}]},{\"@type\":\"ImageObject\",\"inLanguage\":\"pt-BR\",\"@id\":\"https:\/\/www.stlflix-store.com\/product\/marcador-de-tento-de-truco\/#primaryimage\",\"url\":\"https:\/\/www.monitorstlflix.online\/wp-content\/uploads\/2025\/04\/1745079354971-scaled.jpg\",\"contentUrl\":\"https:\/\/www.monitorstlflix.online\/wp-content\/uploads\/2025\/04\/1745079354971-scaled.jpg\",\"width\":2560,\"height\":2560},{\"@type\":\"BreadcrumbList\",\"@id\":\"https:\/\/www.stlflix-store.com\/product\/marcador-de-tento-de-truco\/#breadcrumb\",\"itemListElement\":[{\"@type\":\"ListItem\",\"position\":1,\"name\":\"Home\",\"item\":\"https:\/\/my.stlflix.com\/pt-br\/\"},{\"@type\":\"ListItem\",\"position\":2,\"name\":\"Products\",\"item\":\"https:\/\/my.stlflix.com\/fr\/shop\/\"},{\"@type\":\"ListItem\",\"position\":3,\"name\":\"Marcador de Tento de Truco\"}]},{\"@type\":\"WebSite\",\"@id\":\"https:\/\/my.stlflix.com\/tr\/#website\",\"url\":\"https:\/\/my.stlflix.com\/tr\/\",\"name\":\"MyStore - By STLFLIX\",\"description\":\"\",\"publisher\":{\"@id\":\"https:\/\/my.stlflix.com\/tr\/#organization\"},\"potentialAction\":[{\"@type\":\"SearchAction\",\"target\":{\"@type\":\"EntryPoint\",\"urlTemplate\":\"https:\/\/my.stlflix.com\/tr\/?s={search_term_string}\"},\"query-input\":{\"@type\":\"PropertyValueSpecification\",\"valueRequired\":true,\"valueName\":\"search_term_string\"}}],\"inLanguage\":\"pt-BR\"},{\"@type\":\"Organization\",\"@id\":\"https:\/\/my.stlflix.com\/tr\/#organization\",\"name\":\"MyStore - By STLFLIX\",\"url\":\"https:\/\/my.stlflix.com\/tr\/\",\"logo\":{\"@type\":\"ImageObject\",\"inLanguage\":\"pt-BR\",\"@id\":\"https:\/\/my.stlflix.com\/tr\/#\/schema\/logo\/image\/\",\"url\":\"https:\/\/my.stlflix.com\/wp-content\/uploads\/2024\/06\/logo-mystore.png\",\"contentUrl\":\"https:\/\/my.stlflix.com\/wp-content\/uploads\/2024\/06\/logo-mystore.png\",\"width\":150,\"height\":41,\"caption\":\"MyStore - By STLFLIX\"},\"image\":{\"@id\":\"https:\/\/my.stlflix.com\/tr\/#\/schema\/logo\/image\/\"},\"sameAs\":[\"https:\/\/www.facebook.com\/STLFLIX\",\"https:\/\/www.instagram.com\/stlflix_\/\",\"https:\/\/www.tiktok.com\/@stlflix\"]}]}<\/script>\n<!-- \/ Yoast SEO plugin. -->","yoast_head_json":{"title":"Marcador de Tento de Truco - MyStore - By STLFLIX","description":"Marcador de tento para jogo de truco, nunca mais perca seus feij\u00f5es embaixo da mesa","robots":{"index":"index","follow":"follow","max-snippet":"max-snippet:-1","max-image-preview":"max-image-preview:large","max-video-preview":"max-video-preview:-1"},"canonical":"https:\/\/www.stlflix-store.com\/product\/marcador-de-tento-de-truco\/","og_locale":"pt_BR","og_type":"article","og_title":"Marcador de Tento de Truco - MyStore - By STLFLIX","og_description":"Marcador de tento para jogo de truco, nunca mais perca seus feij\u00f5es embaixo da mesa","og_url":"https:\/\/www.stlflix-store.com\/product\/marcador-de-tento-de-truco\/","og_site_name":"MyStore - By STLFLIX","article_publisher":"https:\/\/www.facebook.com\/STLFLIX","article_modified_time":"2025-04-19T16:22:02+00:00","og_image":[{"width":2560,"height":2560,"url":"https:\/\/www.stlflix-store.com\/wp-content\/uploads\/2025\/04\/1745079354971-scaled.jpg","type":"image\/jpeg"}],"twitter_card":"summary_large_image","schema":{"@context":"https:\/\/schema.org","@graph":[{"@type":"WebPage","@id":"https:\/\/www.stlflix-store.com\/product\/marcador-de-tento-de-truco\/","url":"https:\/\/www.stlflix-store.com\/product\/marcador-de-tento-de-truco\/","name":"Marcador de Tento de Truco - MyStore - By STLFLIX","isPartOf":{"@id":"https:\/\/my.stlflix.com\/tr\/#website"},"primaryImageOfPage":{"@id":"https:\/\/www.stlflix-store.com\/product\/marcador-de-tento-de-truco\/#primaryimage"},"image":{"@id":"https:\/\/www.stlflix-store.com\/product\/marcador-de-tento-de-truco\/#primaryimage"},"thumbnailUrl":"https:\/\/www.monitorstlflix.online\/wp-content\/uploads\/2025\/04\/1745079354971-scaled.jpg","datePublished":"2025-04-19T16:06:19+00:00","dateModified":"2025-04-19T16:22:02+00:00","description":"Marcador de tento para jogo de truco, nunca mais perca seus feij\u00f5es embaixo da mesa","breadcrumb":{"@id":"https:\/\/www.stlflix-store.com\/product\/marcador-de-tento-de-truco\/#breadcrumb"},"inLanguage":"pt-BR","potentialAction":[{"@type":"ReadAction","target":["https:\/\/www.stlflix-store.com\/product\/marcador-de-tento-de-truco\/"]}]},{"@type":"ImageObject","inLanguage":"pt-BR","@id":"https:\/\/www.stlflix-store.com\/product\/marcador-de-tento-de-truco\/#primaryimage","url":"https:\/\/www.monitorstlflix.online\/wp-content\/uploads\/2025\/04\/1745079354971-scaled.jpg","contentUrl":"https:\/\/www.monitorstlflix.online\/wp-content\/uploads\/2025\/04\/1745079354971-scaled.jpg","width":2560,"height":2560},{"@type":"BreadcrumbList","@id":"https:\/\/www.stlflix-store.com\/product\/marcador-de-tento-de-truco\/#breadcrumb","itemListElement":[{"@type":"ListItem","position":1,"name":"Home","item":"https:\/\/my.stlflix.com\/pt-br\/"},{"@type":"ListItem","position":2,"name":"Products","item":"https:\/\/my.stlflix.com\/fr\/shop\/"},{"@type":"ListItem","position":3,"name":"Marcador de Tento de Truco"}]},{"@type":"WebSite","@id":"https:\/\/my.stlflix.com\/tr\/#website","url":"https:\/\/my.stlflix.com\/tr\/","name":"MyStore - By STLFLIX","description":"","publisher":{"@id":"https:\/\/my.stlflix.com\/tr\/#organization"},"potentialAction":[{"@type":"SearchAction","target":{"@type":"EntryPoint","urlTemplate":"https:\/\/my.stlflix.com\/tr\/?s={search_term_string}"},"query-input":{"@type":"PropertyValueSpecification","valueRequired":true,"valueName":"search_term_string"}}],"inLanguage":"pt-BR"},{"@type":"Organization","@id":"https:\/\/my.stlflix.com\/tr\/#organization","name":"MyStore - By STLFLIX","url":"https:\/\/my.stlflix.com\/tr\/","logo":{"@type":"ImageObject","inLanguage":"pt-BR","@id":"https:\/\/my.stlflix.com\/tr\/#\/schema\/logo\/image\/","url":"https:\/\/my.stlflix.com\/wp-content\/uploads\/2024\/06\/logo-mystore.png","contentUrl":"https:\/\/my.stlflix.com\/wp-content\/uploads\/2024\/06\/logo-mystore.png","width":150,"height":41,"caption":"MyStore - By STLFLIX"},"image":{"@id":"https:\/\/my.stlflix.com\/tr\/#\/schema\/logo\/image\/"},"sameAs":["https:\/\/www.facebook.com\/STLFLIX","https:\/\/www.instagram.com\/stlflix_\/","https:\/\/www.tiktok.com\/@stlflix"]}]}},"_links":{"self":[{"href":"https:\/\/www.monitorstlflix.online\/pt-br\/wp-json\/wp\/v2\/product\/318442","targetHints":{"allow":["GET"]}}],"collection":[{"href":"https:\/\/www.monitorstlflix.online\/pt-br\/wp-json\/wp\/v2\/product"}],"about":[{"href":"https:\/\/www.monitorstlflix.online\/pt-br\/wp-json\/wp\/v2\/types\/product"}],"replies":[{"embeddable":true,"href":"https:\/\/www.monitorstlflix.online\/pt-br\/wp-json\/wp\/v2\/comments?post=318442"}],"wp:featuredmedia":[{"embeddable":true,"href":"https:\/\/www.monitorstlflix.online\/pt-br\/wp-json\/wp\/v2\/media\/318443"}],"wp:attachment":[{"href":"https:\/\/www.monitorstlflix.online\/pt-br\/wp-json\/wp\/v2\/media?parent=318442"}],"wp:term":[{"taxonomy":"product_brand","embeddable":true,"href":"https:\/\/www.monitorstlflix.online\/pt-br\/wp-json\/wp\/v2\/product_brand?post=318442"},{"taxonomy":"product_cat","embeddable":true,"href":"https:\/\/www.monitorstlflix.online\/pt-br\/wp-json\/wp\/v2\/product_cat?post=318442"},{"taxonomy":"product_tag","embeddable":true,"href":"https:\/\/www.monitorstlflix.online\/pt-br\/wp-json\/wp\/v2\/product_tag?post=318442"}],"curies":[{"name":"wp","href":"https:\/\/api.w.org\/{rel}","templated":true}]}}