{"id":234582,"date":"2025-01-23T20:12:54","date_gmt":"2025-01-23T20:12:54","guid":{"rendered":"https:\/\/my.stlflix.com\/?post_type=product&#038;p=234582"},"modified":"2025-01-24T10:17:51","modified_gmt":"2025-01-24T10:17:51","slug":"estatuas-de-resina-3d-personalizadas-perfeitas-para-casamento-noivado-e-aniversario-de-15-anos","status":"publish","type":"product","link":"https:\/\/www.monitorstlflix.online\/pt-br\/product\/estatuas-de-resina-3d-personalizadas-perfeitas-para-casamento-noivado-e-aniversario-de-15-anos\/","title":{"rendered":"O pacote completo- Est\u00e1tuas de Resina 3D Personalizadas &#8211; Perfeitas para Casamento, Noivado e Anivers\u00e1rio de 15 Anos"},"content":{"rendered":"<p><strong>O pacote completo inclui:<\/strong><\/p>\n<p>Modelagem 3D,<br \/>\nImpress\u00e3o em impressora 3D e<\/p>\n<p>Pintura \u00e0 m\u00e3o<\/p>\n<p>Descubra a beleza e a singularidade das nossas est\u00e1tuas de resina com base feita em filamento, meticulosamente pintadas \u00e0 m\u00e3o para um acabamento impec\u00e1vel. Estas pe\u00e7as s\u00e3o constru\u00eddas a partir de um programa de modelagem 3D, com base em fotos enviadas ao modelador, garantindo que cada est\u00e1tua seja \u00fanica e personalizada de acordo com seu desejo.<\/p>\n<p>Cada est\u00e1tua tem aproximadamente 15 cm de largura, 10 cm de profundidade e 30 cm de altura, pesando cerca de 328 gramas.<\/p>\n<p><strong>Perfeito para Eventos Especiais:<\/strong> Estas est\u00e1tuas s\u00e3o ideais para celebra\u00e7\u00f5es importantes como casamentos, noivados e anivers\u00e1rios de 15 anos, adicionando um toque personalizado e significativo \u00e0 sua decora\u00e7\u00e3o.<\/p>\n<p><strong>Curiosidade:<\/strong> Sabia que a impress\u00e3o 3D tem ra\u00edzes na d\u00e9cada de 1980? De l\u00e1 para c\u00e1, a tecnologia evoluiu a passos largos, possibilitando a cria\u00e7\u00e3o de pe\u00e7as personalizadas e detalhadas, como as nossas est\u00e1tuas de resina.<\/p>\n","protected":false},"excerpt":{"rendered":"<p>O pacote completo inclui: Modelagem 3D, Impress\u00e3o em impressora 3D e Pintura \u00e0 m\u00e3o Descubra a beleza e a singularidade das nossas est\u00e1tuas de resina com base feita em filamento, meticulosamente pintadas \u00e0 m\u00e3o para um acabamento impec\u00e1vel. Estas pe\u00e7as s\u00e3o constru\u00eddas a partir de um programa de modelagem 3D, com base em fotos enviadas [&hellip;]<\/p>\n","protected":false},"featured_media":234597,"comment_status":"open","ping_status":"closed","template":"","meta":[],"product_brand":[],"product_cat":[15],"product_tag":[511,513],"class_list":{"0":"post-234582","1":"product","2":"type-product","3":"status-publish","4":"has-post-thumbnail","6":"product_cat-uncategorized","7":"product_tag-action-figure","8":"product_tag-personalizados","10":"first","11":"instock","12":"sale","13":"taxable","14":"shipping-taxable","15":"purchasable","16":"product-type-simple"},"yoast_head":"<!-- This site is optimized with the Yoast SEO plugin v25.1 - https:\/\/yoast.com\/wordpress\/plugins\/seo\/ -->\n<title>O pacote completo- Est\u00e1tuas de Resina 3D Personalizadas - Perfeitas para Casamento, Noivado e Anivers\u00e1rio de 15 Anos - MyStore - By STLFLIX<\/title>\n<meta name=\"robots\" content=\"index, follow, max-snippet:-1, max-image-preview:large, max-video-preview:-1\" \/>\n<link rel=\"canonical\" href=\"https:\/\/www.monitorstlflix.online\/product\/estatuas-de-resina-3d-personalizadas-perfeitas-para-casamento-noivado-e-aniversario-de-15-anos\/\" \/>\n<meta property=\"og:locale\" content=\"pt_BR\" \/>\n<meta property=\"og:type\" content=\"article\" \/>\n<meta property=\"og:title\" content=\"O pacote completo- Est\u00e1tuas de Resina 3D Personalizadas - Perfeitas para Casamento, Noivado e Anivers\u00e1rio de 15 Anos - MyStore - By STLFLIX\" \/>\n<meta property=\"og:description\" content=\"O pacote completo inclui: Modelagem 3D, Impress\u00e3o em impressora 3D e Pintura \u00e0 m\u00e3o Descubra a beleza e a singularidade das nossas est\u00e1tuas de resina com base feita em filamento, meticulosamente pintadas \u00e0 m\u00e3o para um acabamento impec\u00e1vel. Estas pe\u00e7as s\u00e3o constru\u00eddas a partir de um programa de modelagem 3D, com base em fotos enviadas [&hellip;]\" \/>\n<meta property=\"og:url\" content=\"https:\/\/www.monitorstlflix.online\/product\/estatuas-de-resina-3d-personalizadas-perfeitas-para-casamento-noivado-e-aniversario-de-15-anos\/\" \/>\n<meta property=\"og:site_name\" content=\"MyStore - By STLFLIX\" \/>\n<meta property=\"article:publisher\" content=\"https:\/\/www.facebook.com\/STLFLIX\" \/>\n<meta property=\"article:modified_time\" content=\"2025-01-24T10:17:51+00:00\" \/>\n<meta property=\"og:image\" content=\"https:\/\/www.monitorstlflix.online\/wp-content\/uploads\/2025\/01\/20250123_164534-scaled.jpg\" \/>\n\t<meta property=\"og:image:width\" content=\"1441\" \/>\n\t<meta property=\"og:image:height\" content=\"2560\" \/>\n\t<meta property=\"og:image:type\" content=\"image\/jpeg\" \/>\n<meta name=\"twitter:card\" content=\"summary_large_image\" \/>\n<meta name=\"twitter:label1\" content=\"Est. reading time\" \/>\n\t<meta name=\"twitter:data1\" content=\"1 minute\" \/>\n<script type=\"application\/ld+json\" class=\"yoast-schema-graph\">{\"@context\":\"https:\/\/schema.org\",\"@graph\":[{\"@type\":\"WebPage\",\"@id\":\"https:\/\/www.monitorstlflix.online\/product\/estatuas-de-resina-3d-personalizadas-perfeitas-para-casamento-noivado-e-aniversario-de-15-anos\/\",\"url\":\"https:\/\/www.monitorstlflix.online\/product\/estatuas-de-resina-3d-personalizadas-perfeitas-para-casamento-noivado-e-aniversario-de-15-anos\/\",\"name\":\"O pacote completo- Est\u00e1tuas de Resina 3D Personalizadas - Perfeitas para Casamento, Noivado e Anivers\u00e1rio de 15 Anos - MyStore - By STLFLIX\",\"isPartOf\":{\"@id\":\"https:\/\/my.stlflix.com\/tr\/#website\"},\"primaryImageOfPage\":{\"@id\":\"https:\/\/www.monitorstlflix.online\/product\/estatuas-de-resina-3d-personalizadas-perfeitas-para-casamento-noivado-e-aniversario-de-15-anos\/#primaryimage\"},\"image\":{\"@id\":\"https:\/\/www.monitorstlflix.online\/product\/estatuas-de-resina-3d-personalizadas-perfeitas-para-casamento-noivado-e-aniversario-de-15-anos\/#primaryimage\"},\"thumbnailUrl\":\"https:\/\/www.monitorstlflix.online\/wp-content\/uploads\/2025\/01\/20250123_164534-scaled.jpg\",\"datePublished\":\"2025-01-23T20:12:54+00:00\",\"dateModified\":\"2025-01-24T10:17:51+00:00\",\"breadcrumb\":{\"@id\":\"https:\/\/www.monitorstlflix.online\/product\/estatuas-de-resina-3d-personalizadas-perfeitas-para-casamento-noivado-e-aniversario-de-15-anos\/#breadcrumb\"},\"inLanguage\":\"pt-BR\",\"potentialAction\":[{\"@type\":\"ReadAction\",\"target\":[\"https:\/\/www.monitorstlflix.online\/product\/estatuas-de-resina-3d-personalizadas-perfeitas-para-casamento-noivado-e-aniversario-de-15-anos\/\"]}]},{\"@type\":\"ImageObject\",\"inLanguage\":\"pt-BR\",\"@id\":\"https:\/\/www.monitorstlflix.online\/product\/estatuas-de-resina-3d-personalizadas-perfeitas-para-casamento-noivado-e-aniversario-de-15-anos\/#primaryimage\",\"url\":\"https:\/\/www.monitorstlflix.online\/wp-content\/uploads\/2025\/01\/20250123_164534-scaled.jpg\",\"contentUrl\":\"https:\/\/www.monitorstlflix.online\/wp-content\/uploads\/2025\/01\/20250123_164534-scaled.jpg\",\"width\":1441,\"height\":2560},{\"@type\":\"BreadcrumbList\",\"@id\":\"https:\/\/www.monitorstlflix.online\/product\/estatuas-de-resina-3d-personalizadas-perfeitas-para-casamento-noivado-e-aniversario-de-15-anos\/#breadcrumb\",\"itemListElement\":[{\"@type\":\"ListItem\",\"position\":1,\"name\":\"Home\",\"item\":\"https:\/\/my.stlflix.com\/pt-br\/\"},{\"@type\":\"ListItem\",\"position\":2,\"name\":\"Products\",\"item\":\"https:\/\/my.stlflix.com\/fr\/shop\/\"},{\"@type\":\"ListItem\",\"position\":3,\"name\":\"O pacote completo- Est\u00e1tuas de Resina 3D Personalizadas &#8211; Perfeitas para Casamento, Noivado e Anivers\u00e1rio de 15 Anos\"}]},{\"@type\":\"WebSite\",\"@id\":\"https:\/\/my.stlflix.com\/tr\/#website\",\"url\":\"https:\/\/my.stlflix.com\/tr\/\",\"name\":\"MyStore - By STLFLIX\",\"description\":\"\",\"publisher\":{\"@id\":\"https:\/\/my.stlflix.com\/tr\/#organization\"},\"potentialAction\":[{\"@type\":\"SearchAction\",\"target\":{\"@type\":\"EntryPoint\",\"urlTemplate\":\"https:\/\/my.stlflix.com\/tr\/?s={search_term_string}\"},\"query-input\":{\"@type\":\"PropertyValueSpecification\",\"valueRequired\":true,\"valueName\":\"search_term_string\"}}],\"inLanguage\":\"pt-BR\"},{\"@type\":\"Organization\",\"@id\":\"https:\/\/my.stlflix.com\/tr\/#organization\",\"name\":\"MyStore - By STLFLIX\",\"url\":\"https:\/\/my.stlflix.com\/tr\/\",\"logo\":{\"@type\":\"ImageObject\",\"inLanguage\":\"pt-BR\",\"@id\":\"https:\/\/my.stlflix.com\/tr\/#\/schema\/logo\/image\/\",\"url\":\"https:\/\/my.stlflix.com\/wp-content\/uploads\/2024\/06\/logo-mystore.png\",\"contentUrl\":\"https:\/\/my.stlflix.com\/wp-content\/uploads\/2024\/06\/logo-mystore.png\",\"width\":150,\"height\":41,\"caption\":\"MyStore - By STLFLIX\"},\"image\":{\"@id\":\"https:\/\/my.stlflix.com\/tr\/#\/schema\/logo\/image\/\"},\"sameAs\":[\"https:\/\/www.facebook.com\/STLFLIX\",\"https:\/\/www.instagram.com\/stlflix_\/\",\"https:\/\/www.tiktok.com\/@stlflix\"]}]}<\/script>\n<!-- \/ Yoast SEO plugin. -->","yoast_head_json":{"title":"O pacote completo- Est\u00e1tuas de Resina 3D Personalizadas - Perfeitas para Casamento, Noivado e Anivers\u00e1rio de 15 Anos - MyStore - By STLFLIX","robots":{"index":"index","follow":"follow","max-snippet":"max-snippet:-1","max-image-preview":"max-image-preview:large","max-video-preview":"max-video-preview:-1"},"canonical":"https:\/\/www.monitorstlflix.online\/product\/estatuas-de-resina-3d-personalizadas-perfeitas-para-casamento-noivado-e-aniversario-de-15-anos\/","og_locale":"pt_BR","og_type":"article","og_title":"O pacote completo- Est\u00e1tuas de Resina 3D Personalizadas - Perfeitas para Casamento, Noivado e Anivers\u00e1rio de 15 Anos - MyStore - By STLFLIX","og_description":"O pacote completo inclui: Modelagem 3D, Impress\u00e3o em impressora 3D e Pintura \u00e0 m\u00e3o Descubra a beleza e a singularidade das nossas est\u00e1tuas de resina com base feita em filamento, meticulosamente pintadas \u00e0 m\u00e3o para um acabamento impec\u00e1vel. Estas pe\u00e7as s\u00e3o constru\u00eddas a partir de um programa de modelagem 3D, com base em fotos enviadas [&hellip;]","og_url":"https:\/\/www.monitorstlflix.online\/product\/estatuas-de-resina-3d-personalizadas-perfeitas-para-casamento-noivado-e-aniversario-de-15-anos\/","og_site_name":"MyStore - By STLFLIX","article_publisher":"https:\/\/www.facebook.com\/STLFLIX","article_modified_time":"2025-01-24T10:17:51+00:00","og_image":[{"width":1441,"height":2560,"url":"https:\/\/www.monitorstlflix.online\/wp-content\/uploads\/2025\/01\/20250123_164534-scaled.jpg","type":"image\/jpeg"}],"twitter_card":"summary_large_image","twitter_misc":{"Est. reading time":"1 minute"},"schema":{"@context":"https:\/\/schema.org","@graph":[{"@type":"WebPage","@id":"https:\/\/www.monitorstlflix.online\/product\/estatuas-de-resina-3d-personalizadas-perfeitas-para-casamento-noivado-e-aniversario-de-15-anos\/","url":"https:\/\/www.monitorstlflix.online\/product\/estatuas-de-resina-3d-personalizadas-perfeitas-para-casamento-noivado-e-aniversario-de-15-anos\/","name":"O pacote completo- Est\u00e1tuas de Resina 3D Personalizadas - Perfeitas para Casamento, Noivado e Anivers\u00e1rio de 15 Anos - MyStore - By STLFLIX","isPartOf":{"@id":"https:\/\/my.stlflix.com\/tr\/#website"},"primaryImageOfPage":{"@id":"https:\/\/www.monitorstlflix.online\/product\/estatuas-de-resina-3d-personalizadas-perfeitas-para-casamento-noivado-e-aniversario-de-15-anos\/#primaryimage"},"image":{"@id":"https:\/\/www.monitorstlflix.online\/product\/estatuas-de-resina-3d-personalizadas-perfeitas-para-casamento-noivado-e-aniversario-de-15-anos\/#primaryimage"},"thumbnailUrl":"https:\/\/www.monitorstlflix.online\/wp-content\/uploads\/2025\/01\/20250123_164534-scaled.jpg","datePublished":"2025-01-23T20:12:54+00:00","dateModified":"2025-01-24T10:17:51+00:00","breadcrumb":{"@id":"https:\/\/www.monitorstlflix.online\/product\/estatuas-de-resina-3d-personalizadas-perfeitas-para-casamento-noivado-e-aniversario-de-15-anos\/#breadcrumb"},"inLanguage":"pt-BR","potentialAction":[{"@type":"ReadAction","target":["https:\/\/www.monitorstlflix.online\/product\/estatuas-de-resina-3d-personalizadas-perfeitas-para-casamento-noivado-e-aniversario-de-15-anos\/"]}]},{"@type":"ImageObject","inLanguage":"pt-BR","@id":"https:\/\/www.monitorstlflix.online\/product\/estatuas-de-resina-3d-personalizadas-perfeitas-para-casamento-noivado-e-aniversario-de-15-anos\/#primaryimage","url":"https:\/\/www.monitorstlflix.online\/wp-content\/uploads\/2025\/01\/20250123_164534-scaled.jpg","contentUrl":"https:\/\/www.monitorstlflix.online\/wp-content\/uploads\/2025\/01\/20250123_164534-scaled.jpg","width":1441,"height":2560},{"@type":"BreadcrumbList","@id":"https:\/\/www.monitorstlflix.online\/product\/estatuas-de-resina-3d-personalizadas-perfeitas-para-casamento-noivado-e-aniversario-de-15-anos\/#breadcrumb","itemListElement":[{"@type":"ListItem","position":1,"name":"Home","item":"https:\/\/my.stlflix.com\/pt-br\/"},{"@type":"ListItem","position":2,"name":"Products","item":"https:\/\/my.stlflix.com\/fr\/shop\/"},{"@type":"ListItem","position":3,"name":"O pacote completo- Est\u00e1tuas de Resina 3D Personalizadas &#8211; Perfeitas para Casamento, Noivado e Anivers\u00e1rio de 15 Anos"}]},{"@type":"WebSite","@id":"https:\/\/my.stlflix.com\/tr\/#website","url":"https:\/\/my.stlflix.com\/tr\/","name":"MyStore - By STLFLIX","description":"","publisher":{"@id":"https:\/\/my.stlflix.com\/tr\/#organization"},"potentialAction":[{"@type":"SearchAction","target":{"@type":"EntryPoint","urlTemplate":"https:\/\/my.stlflix.com\/tr\/?s={search_term_string}"},"query-input":{"@type":"PropertyValueSpecification","valueRequired":true,"valueName":"search_term_string"}}],"inLanguage":"pt-BR"},{"@type":"Organization","@id":"https:\/\/my.stlflix.com\/tr\/#organization","name":"MyStore - By STLFLIX","url":"https:\/\/my.stlflix.com\/tr\/","logo":{"@type":"ImageObject","inLanguage":"pt-BR","@id":"https:\/\/my.stlflix.com\/tr\/#\/schema\/logo\/image\/","url":"https:\/\/my.stlflix.com\/wp-content\/uploads\/2024\/06\/logo-mystore.png","contentUrl":"https:\/\/my.stlflix.com\/wp-content\/uploads\/2024\/06\/logo-mystore.png","width":150,"height":41,"caption":"MyStore - By STLFLIX"},"image":{"@id":"https:\/\/my.stlflix.com\/tr\/#\/schema\/logo\/image\/"},"sameAs":["https:\/\/www.facebook.com\/STLFLIX","https:\/\/www.instagram.com\/stlflix_\/","https:\/\/www.tiktok.com\/@stlflix"]}]}},"_links":{"self":[{"href":"https:\/\/www.monitorstlflix.online\/pt-br\/wp-json\/wp\/v2\/product\/234582","targetHints":{"allow":["GET"]}}],"collection":[{"href":"https:\/\/www.monitorstlflix.online\/pt-br\/wp-json\/wp\/v2\/product"}],"about":[{"href":"https:\/\/www.monitorstlflix.online\/pt-br\/wp-json\/wp\/v2\/types\/product"}],"replies":[{"embeddable":true,"href":"https:\/\/www.monitorstlflix.online\/pt-br\/wp-json\/wp\/v2\/comments?post=234582"}],"wp:featuredmedia":[{"embeddable":true,"href":"https:\/\/www.monitorstlflix.online\/pt-br\/wp-json\/wp\/v2\/media\/234597"}],"wp:attachment":[{"href":"https:\/\/www.monitorstlflix.online\/pt-br\/wp-json\/wp\/v2\/media?parent=234582"}],"wp:term":[{"taxonomy":"product_brand","embeddable":true,"href":"https:\/\/www.monitorstlflix.online\/pt-br\/wp-json\/wp\/v2\/product_brand?post=234582"},{"taxonomy":"product_cat","embeddable":true,"href":"https:\/\/www.monitorstlflix.online\/pt-br\/wp-json\/wp\/v2\/product_cat?post=234582"},{"taxonomy":"product_tag","embeddable":true,"href":"https:\/\/www.monitorstlflix.online\/pt-br\/wp-json\/wp\/v2\/product_tag?post=234582"}],"curies":[{"name":"wp","href":"https:\/\/api.w.org\/{rel}","templated":true}]}}