{"id":204758,"date":"2024-12-27T20:04:53","date_gmt":"2024-12-27T20:04:53","guid":{"rendered":"https:\/\/my.stlflix.com\/?post_type=product&#038;p=204758"},"modified":"2025-05-28T23:16:19","modified_gmt":"2025-05-28T23:16:19","slug":"dragao-articulado-com-kit-para-pintura","status":"publish","type":"product","link":"https:\/\/www.monitorstlflix.online\/pt-br\/product\/dragao-articulado-com-kit-para-pintura\/","title":{"rendered":"Drag\u00e3o articulado com kit para pintura"},"content":{"rendered":"<p><strong>Qual Drag\u00e3o Voc\u00ea Quer Criar?<\/strong><\/p>\n<p>Liberte sua imagina\u00e7\u00e3o com este incr\u00edvel kit de drag\u00e3o articulado para pintura! Crie seu drag\u00e3o de fogo, \u00e1gua, terra, pedra, floresta, ar, ou qualquer outro tipo que sua criatividade desejar. E quando quiser mudar, basta lav\u00e1-lo com \u00e1gua e come\u00e7ar tudo de novo!<\/p>\n<p><strong>O Kit Inclui:<\/strong><\/p>\n<p>&#8211; 1 drag\u00e3o articulado branco<\/p>\n<p>&#8211; 1 caixa de tinta guache escolar<\/p>\n<p>&#8211; 1 pincel de cerdas macias<\/p>\n<p><strong>Brinquedo educativo<\/strong> que incentiva a imagina\u00e7\u00e3o e a criatividade das crian\u00e7as.<\/p>\n<p><strong>Medidas do drag\u00e3o:\u00a0<\/strong><\/p>\n<p>Altura: 6 cm<\/p>\n<p>Largura: 8 cm<\/p>\n<p>Comprimento: 20 cm<\/p>\n<p><strong>Material:<\/strong> pl\u00e1stico PLA<\/p>\n<p><strong>Instru\u00e7\u00f5es Adicionais:<\/strong> Para dicas de pintura e inspira\u00e7\u00e3o, assista ao v\u00eddeo de exemplo do produto <a href=\"https:\/\/youtu.be\/j5coEvsfwyo?si=9eCCcdcWqHN3FsU9\">aqui<\/a>.<\/p>\n<p>Transforme o processo de cria\u00e7\u00e3o em uma experi\u00eancia divertida e educativa com este kit vers\u00e1til e envolvente!<\/p>\n","protected":false},"excerpt":{"rendered":"<p>Qual Drag\u00e3o Voc\u00ea Quer Criar? Liberte sua imagina\u00e7\u00e3o com este incr\u00edvel kit de drag\u00e3o articulado para pintura! Crie seu drag\u00e3o de fogo, \u00e1gua, terra, pedra, floresta, ar, ou qualquer outro tipo que sua criatividade desejar. E quando quiser mudar, basta lav\u00e1-lo com \u00e1gua e come\u00e7ar tudo de novo! O Kit Inclui: &#8211; 1 drag\u00e3o articulado [&hellip;]<\/p>\n","protected":false},"featured_media":204759,"comment_status":"open","ping_status":"closed","template":"","meta":[],"product_brand":[],"product_cat":[15],"product_tag":[552,690,5831],"class_list":{"0":"post-204758","1":"product","2":"type-product","3":"status-publish","4":"has-post-thumbnail","6":"product_cat-uncategorized","7":"product_tag-articulados","8":"product_tag-brinquedos","9":"product_tag-destaques","11":"first","12":"instock","13":"purchasable","14":"product-type-simple"},"yoast_head":"<!-- This site is optimized with the Yoast SEO plugin v25.1 - https:\/\/yoast.com\/wordpress\/plugins\/seo\/ -->\n<title>Drag\u00e3o articulado com kit para pintura - MyStore - By STLFLIX<\/title>\n<meta name=\"robots\" content=\"index, follow, max-snippet:-1, max-image-preview:large, max-video-preview:-1\" \/>\n<link rel=\"canonical\" href=\"https:\/\/my.stlflix.com\/product\/dragao-articulado-com-kit-para-pintura\/\" \/>\n<meta property=\"og:locale\" content=\"pt_BR\" \/>\n<meta property=\"og:type\" content=\"article\" \/>\n<meta property=\"og:title\" content=\"Drag\u00e3o articulado com kit para pintura - MyStore - By STLFLIX\" \/>\n<meta property=\"og:description\" content=\"Qual Drag\u00e3o Voc\u00ea Quer Criar? Liberte sua imagina\u00e7\u00e3o com este incr\u00edvel kit de drag\u00e3o articulado para pintura! Crie seu drag\u00e3o de fogo, \u00e1gua, terra, pedra, floresta, ar, ou qualquer outro tipo que sua criatividade desejar. E quando quiser mudar, basta lav\u00e1-lo com \u00e1gua e come\u00e7ar tudo de novo! O Kit Inclui: &#8211; 1 drag\u00e3o articulado [&hellip;]\" \/>\n<meta property=\"og:url\" content=\"https:\/\/my.stlflix.com\/product\/dragao-articulado-com-kit-para-pintura\/\" \/>\n<meta property=\"og:site_name\" content=\"MyStore - By STLFLIX\" \/>\n<meta property=\"article:publisher\" content=\"https:\/\/www.facebook.com\/STLFLIX\" \/>\n<meta property=\"article:modified_time\" content=\"2025-05-28T23:16:19+00:00\" \/>\n<meta property=\"og:image\" content=\"https:\/\/my.stlflix.com\/wp-content\/uploads\/2024\/12\/dragao_pintar.jpg\" \/>\n\t<meta property=\"og:image:width\" content=\"1500\" \/>\n\t<meta property=\"og:image:height\" content=\"1500\" \/>\n\t<meta property=\"og:image:type\" content=\"image\/jpeg\" \/>\n<meta name=\"twitter:card\" content=\"summary_large_image\" \/>\n<meta name=\"twitter:label1\" content=\"Est. reading time\" \/>\n\t<meta name=\"twitter:data1\" content=\"1 minute\" \/>\n<script type=\"application\/ld+json\" class=\"yoast-schema-graph\">{\"@context\":\"https:\/\/schema.org\",\"@graph\":[{\"@type\":\"WebPage\",\"@id\":\"https:\/\/my.stlflix.com\/product\/dragao-articulado-com-kit-para-pintura\/\",\"url\":\"https:\/\/my.stlflix.com\/product\/dragao-articulado-com-kit-para-pintura\/\",\"name\":\"Drag\u00e3o articulado com kit para pintura - MyStore - By STLFLIX\",\"isPartOf\":{\"@id\":\"https:\/\/my.stlflix.com\/tr\/#website\"},\"primaryImageOfPage\":{\"@id\":\"https:\/\/my.stlflix.com\/product\/dragao-articulado-com-kit-para-pintura\/#primaryimage\"},\"image\":{\"@id\":\"https:\/\/my.stlflix.com\/product\/dragao-articulado-com-kit-para-pintura\/#primaryimage\"},\"thumbnailUrl\":\"https:\/\/www.monitorstlflix.online\/wp-content\/uploads\/2024\/12\/dragao_pintar.jpg\",\"datePublished\":\"2024-12-27T20:04:53+00:00\",\"dateModified\":\"2025-05-28T23:16:19+00:00\",\"breadcrumb\":{\"@id\":\"https:\/\/my.stlflix.com\/product\/dragao-articulado-com-kit-para-pintura\/#breadcrumb\"},\"inLanguage\":\"pt-BR\",\"potentialAction\":[{\"@type\":\"ReadAction\",\"target\":[\"https:\/\/my.stlflix.com\/product\/dragao-articulado-com-kit-para-pintura\/\"]}]},{\"@type\":\"ImageObject\",\"inLanguage\":\"pt-BR\",\"@id\":\"https:\/\/my.stlflix.com\/product\/dragao-articulado-com-kit-para-pintura\/#primaryimage\",\"url\":\"https:\/\/www.monitorstlflix.online\/wp-content\/uploads\/2024\/12\/dragao_pintar.jpg\",\"contentUrl\":\"https:\/\/www.monitorstlflix.online\/wp-content\/uploads\/2024\/12\/dragao_pintar.jpg\",\"width\":1500,\"height\":1500},{\"@type\":\"BreadcrumbList\",\"@id\":\"https:\/\/my.stlflix.com\/product\/dragao-articulado-com-kit-para-pintura\/#breadcrumb\",\"itemListElement\":[{\"@type\":\"ListItem\",\"position\":1,\"name\":\"Home\",\"item\":\"https:\/\/my.stlflix.com\/pt-br\/\"},{\"@type\":\"ListItem\",\"position\":2,\"name\":\"Products\",\"item\":\"https:\/\/my.stlflix.com\/fr\/shop\/\"},{\"@type\":\"ListItem\",\"position\":3,\"name\":\"Drag\u00e3o articulado com kit para pintura\"}]},{\"@type\":\"WebSite\",\"@id\":\"https:\/\/my.stlflix.com\/tr\/#website\",\"url\":\"https:\/\/my.stlflix.com\/tr\/\",\"name\":\"MyStore - By STLFLIX\",\"description\":\"\",\"publisher\":{\"@id\":\"https:\/\/my.stlflix.com\/tr\/#organization\"},\"potentialAction\":[{\"@type\":\"SearchAction\",\"target\":{\"@type\":\"EntryPoint\",\"urlTemplate\":\"https:\/\/my.stlflix.com\/tr\/?s={search_term_string}\"},\"query-input\":{\"@type\":\"PropertyValueSpecification\",\"valueRequired\":true,\"valueName\":\"search_term_string\"}}],\"inLanguage\":\"pt-BR\"},{\"@type\":\"Organization\",\"@id\":\"https:\/\/my.stlflix.com\/tr\/#organization\",\"name\":\"MyStore - By STLFLIX\",\"url\":\"https:\/\/my.stlflix.com\/tr\/\",\"logo\":{\"@type\":\"ImageObject\",\"inLanguage\":\"pt-BR\",\"@id\":\"https:\/\/my.stlflix.com\/tr\/#\/schema\/logo\/image\/\",\"url\":\"https:\/\/my.stlflix.com\/wp-content\/uploads\/2024\/06\/logo-mystore.png\",\"contentUrl\":\"https:\/\/my.stlflix.com\/wp-content\/uploads\/2024\/06\/logo-mystore.png\",\"width\":150,\"height\":41,\"caption\":\"MyStore - By STLFLIX\"},\"image\":{\"@id\":\"https:\/\/my.stlflix.com\/tr\/#\/schema\/logo\/image\/\"},\"sameAs\":[\"https:\/\/www.facebook.com\/STLFLIX\",\"https:\/\/www.instagram.com\/stlflix_\/\",\"https:\/\/www.tiktok.com\/@stlflix\"]}]}<\/script>\n<!-- \/ Yoast SEO plugin. -->","yoast_head_json":{"title":"Drag\u00e3o articulado com kit para pintura - MyStore - By STLFLIX","robots":{"index":"index","follow":"follow","max-snippet":"max-snippet:-1","max-image-preview":"max-image-preview:large","max-video-preview":"max-video-preview:-1"},"canonical":"https:\/\/my.stlflix.com\/product\/dragao-articulado-com-kit-para-pintura\/","og_locale":"pt_BR","og_type":"article","og_title":"Drag\u00e3o articulado com kit para pintura - MyStore - By STLFLIX","og_description":"Qual Drag\u00e3o Voc\u00ea Quer Criar? Liberte sua imagina\u00e7\u00e3o com este incr\u00edvel kit de drag\u00e3o articulado para pintura! Crie seu drag\u00e3o de fogo, \u00e1gua, terra, pedra, floresta, ar, ou qualquer outro tipo que sua criatividade desejar. E quando quiser mudar, basta lav\u00e1-lo com \u00e1gua e come\u00e7ar tudo de novo! O Kit Inclui: &#8211; 1 drag\u00e3o articulado [&hellip;]","og_url":"https:\/\/my.stlflix.com\/product\/dragao-articulado-com-kit-para-pintura\/","og_site_name":"MyStore - By STLFLIX","article_publisher":"https:\/\/www.facebook.com\/STLFLIX","article_modified_time":"2025-05-28T23:16:19+00:00","og_image":[{"width":1500,"height":1500,"url":"https:\/\/my.stlflix.com\/wp-content\/uploads\/2024\/12\/dragao_pintar.jpg","type":"image\/jpeg"}],"twitter_card":"summary_large_image","twitter_misc":{"Est. reading time":"1 minute"},"schema":{"@context":"https:\/\/schema.org","@graph":[{"@type":"WebPage","@id":"https:\/\/my.stlflix.com\/product\/dragao-articulado-com-kit-para-pintura\/","url":"https:\/\/my.stlflix.com\/product\/dragao-articulado-com-kit-para-pintura\/","name":"Drag\u00e3o articulado com kit para pintura - MyStore - By STLFLIX","isPartOf":{"@id":"https:\/\/my.stlflix.com\/tr\/#website"},"primaryImageOfPage":{"@id":"https:\/\/my.stlflix.com\/product\/dragao-articulado-com-kit-para-pintura\/#primaryimage"},"image":{"@id":"https:\/\/my.stlflix.com\/product\/dragao-articulado-com-kit-para-pintura\/#primaryimage"},"thumbnailUrl":"https:\/\/www.monitorstlflix.online\/wp-content\/uploads\/2024\/12\/dragao_pintar.jpg","datePublished":"2024-12-27T20:04:53+00:00","dateModified":"2025-05-28T23:16:19+00:00","breadcrumb":{"@id":"https:\/\/my.stlflix.com\/product\/dragao-articulado-com-kit-para-pintura\/#breadcrumb"},"inLanguage":"pt-BR","potentialAction":[{"@type":"ReadAction","target":["https:\/\/my.stlflix.com\/product\/dragao-articulado-com-kit-para-pintura\/"]}]},{"@type":"ImageObject","inLanguage":"pt-BR","@id":"https:\/\/my.stlflix.com\/product\/dragao-articulado-com-kit-para-pintura\/#primaryimage","url":"https:\/\/www.monitorstlflix.online\/wp-content\/uploads\/2024\/12\/dragao_pintar.jpg","contentUrl":"https:\/\/www.monitorstlflix.online\/wp-content\/uploads\/2024\/12\/dragao_pintar.jpg","width":1500,"height":1500},{"@type":"BreadcrumbList","@id":"https:\/\/my.stlflix.com\/product\/dragao-articulado-com-kit-para-pintura\/#breadcrumb","itemListElement":[{"@type":"ListItem","position":1,"name":"Home","item":"https:\/\/my.stlflix.com\/pt-br\/"},{"@type":"ListItem","position":2,"name":"Products","item":"https:\/\/my.stlflix.com\/fr\/shop\/"},{"@type":"ListItem","position":3,"name":"Drag\u00e3o articulado com kit para pintura"}]},{"@type":"WebSite","@id":"https:\/\/my.stlflix.com\/tr\/#website","url":"https:\/\/my.stlflix.com\/tr\/","name":"MyStore - By STLFLIX","description":"","publisher":{"@id":"https:\/\/my.stlflix.com\/tr\/#organization"},"potentialAction":[{"@type":"SearchAction","target":{"@type":"EntryPoint","urlTemplate":"https:\/\/my.stlflix.com\/tr\/?s={search_term_string}"},"query-input":{"@type":"PropertyValueSpecification","valueRequired":true,"valueName":"search_term_string"}}],"inLanguage":"pt-BR"},{"@type":"Organization","@id":"https:\/\/my.stlflix.com\/tr\/#organization","name":"MyStore - By STLFLIX","url":"https:\/\/my.stlflix.com\/tr\/","logo":{"@type":"ImageObject","inLanguage":"pt-BR","@id":"https:\/\/my.stlflix.com\/tr\/#\/schema\/logo\/image\/","url":"https:\/\/my.stlflix.com\/wp-content\/uploads\/2024\/06\/logo-mystore.png","contentUrl":"https:\/\/my.stlflix.com\/wp-content\/uploads\/2024\/06\/logo-mystore.png","width":150,"height":41,"caption":"MyStore - By STLFLIX"},"image":{"@id":"https:\/\/my.stlflix.com\/tr\/#\/schema\/logo\/image\/"},"sameAs":["https:\/\/www.facebook.com\/STLFLIX","https:\/\/www.instagram.com\/stlflix_\/","https:\/\/www.tiktok.com\/@stlflix"]}]}},"_links":{"self":[{"href":"https:\/\/www.monitorstlflix.online\/pt-br\/wp-json\/wp\/v2\/product\/204758","targetHints":{"allow":["GET"]}}],"collection":[{"href":"https:\/\/www.monitorstlflix.online\/pt-br\/wp-json\/wp\/v2\/product"}],"about":[{"href":"https:\/\/www.monitorstlflix.online\/pt-br\/wp-json\/wp\/v2\/types\/product"}],"replies":[{"embeddable":true,"href":"https:\/\/www.monitorstlflix.online\/pt-br\/wp-json\/wp\/v2\/comments?post=204758"}],"wp:featuredmedia":[{"embeddable":true,"href":"https:\/\/www.monitorstlflix.online\/pt-br\/wp-json\/wp\/v2\/media\/204759"}],"wp:attachment":[{"href":"https:\/\/www.monitorstlflix.online\/pt-br\/wp-json\/wp\/v2\/media?parent=204758"}],"wp:term":[{"taxonomy":"product_brand","embeddable":true,"href":"https:\/\/www.monitorstlflix.online\/pt-br\/wp-json\/wp\/v2\/product_brand?post=204758"},{"taxonomy":"product_cat","embeddable":true,"href":"https:\/\/www.monitorstlflix.online\/pt-br\/wp-json\/wp\/v2\/product_cat?post=204758"},{"taxonomy":"product_tag","embeddable":true,"href":"https:\/\/www.monitorstlflix.online\/pt-br\/wp-json\/wp\/v2\/product_tag?post=204758"}],"curies":[{"name":"wp","href":"https:\/\/api.w.org\/{rel}","templated":true}]}}