{"id":176361,"date":"2024-11-28T20:45:28","date_gmt":"2024-11-28T20:45:28","guid":{"rendered":"https:\/\/my.stlflix.com\/?post_type=product&#038;p=176361"},"modified":"2024-12-22T12:33:34","modified_gmt":"2024-12-22T12:33:34","slug":"low-poly-frog-6748d3a9d76ce","status":"publish","type":"product","link":"https:\/\/www.monitorstlflix.online\/pt-br\/product\/low-poly-frog-6748d3a9d76ce\/","title":{"rendered":"Sapo mont\u00e1vel"},"content":{"rendered":"<p>\ud83d\udc38\u2728\u00a0<strong>Conhe\u00e7a o Sapo 3D Mont\u00e1vel!<\/strong>\u00a0\u2728\ud83d\udc38<\/p>\n<p>Este incr\u00edvel sapo foi projetado especialmente para quem ama divers\u00e3o e criatividade! \ud83c\udfa8\ud83d\udee0\ufe0f<\/p>\n<p>\ud83d\udfe2\u00a0<strong>Visual moderno<\/strong>: Linhas geom\u00e9tricas e cores vibrantes, com corpo verde, barriga branca e p\u00e9s laranjas!<br \/>\n\ud83e\udde9\u00a0<strong>Desmont\u00e1vel e mont\u00e1vel<\/strong>: Transforme cada pe\u00e7a em um desafio e redescubra o sapo quantas vezes quiser!<br \/>\n\ud83c\udf1f\u00a0<strong>Feito com impress\u00e3o 3D<\/strong>: Um toque tecnol\u00f3gico e inovador para seu brinquedo favorito!<\/p>\n<p>\ud83c\udf81\u00a0<strong>Perfeito para crian\u00e7as, adultos e colecionadores!<\/strong><br \/>\nDesperte o engenheiro que existe em voc\u00ea e tenha horas de divers\u00e3o enquanto cria e recria este sapo incr\u00edvel!<\/p>\n<p>\u2728\u00a0<strong>Garanta o seu agora e mergulhe nessa aventura 3D!<\/strong>\u00a0\u2728<\/p>\n","protected":false},"excerpt":{"rendered":"<p>\ud83d\udc38\u2728\u00a0Conhe\u00e7a o Sapo 3D Mont\u00e1vel!\u00a0\u2728\ud83d\udc38 Este incr\u00edvel sapo foi projetado especialmente para quem ama divers\u00e3o e criatividade! \ud83c\udfa8\ud83d\udee0\ufe0f \ud83d\udfe2\u00a0Visual moderno: Linhas geom\u00e9tricas e cores vibrantes, com corpo verde, barriga branca e p\u00e9s laranjas! \ud83e\udde9\u00a0Desmont\u00e1vel e mont\u00e1vel: Transforme cada pe\u00e7a em um desafio e redescubra o sapo quantas vezes quiser! \ud83c\udf1f\u00a0Feito com impress\u00e3o 3D: Um toque [&hellip;]<\/p>\n","protected":false},"featured_media":164295,"comment_status":"open","ping_status":"closed","template":"","meta":[],"product_brand":[],"product_cat":[19],"product_tag":[3562,3563],"class_list":{"0":"post-176361","1":"product","2":"type-product","3":"status-publish","4":"has-post-thumbnail","6":"product_cat-animals","7":"product_tag-brinquedo","8":"product_tag-montagem","10":"first","11":"instock","12":"sale","13":"shipping-taxable","14":"purchasable","15":"product-type-simple"},"yoast_head":"<!-- This site is optimized with the Yoast SEO plugin v25.1 - https:\/\/yoast.com\/wordpress\/plugins\/seo\/ -->\n<title>Sapo mont\u00e1vel - MyStore - By STLFLIX<\/title>\n<meta name=\"robots\" content=\"index, follow, max-snippet:-1, max-image-preview:large, max-video-preview:-1\" \/>\n<link rel=\"canonical\" href=\"https:\/\/www.lojadomandela3d.biz\/product\/low-poly-frog-6748d3a9d76ce\/\" \/>\n<meta property=\"og:locale\" content=\"pt_BR\" \/>\n<meta property=\"og:type\" content=\"article\" \/>\n<meta property=\"og:title\" content=\"Sapo mont\u00e1vel - MyStore - By STLFLIX\" \/>\n<meta property=\"og:description\" content=\"\ud83d\udc38\u2728\u00a0Conhe\u00e7a o Sapo 3D Mont\u00e1vel!\u00a0\u2728\ud83d\udc38 Este incr\u00edvel sapo foi projetado especialmente para quem ama divers\u00e3o e criatividade! \ud83c\udfa8\ud83d\udee0\ufe0f \ud83d\udfe2\u00a0Visual moderno: Linhas geom\u00e9tricas e cores vibrantes, com corpo verde, barriga branca e p\u00e9s laranjas! \ud83e\udde9\u00a0Desmont\u00e1vel e mont\u00e1vel: Transforme cada pe\u00e7a em um desafio e redescubra o sapo quantas vezes quiser! \ud83c\udf1f\u00a0Feito com impress\u00e3o 3D: Um toque [&hellip;]\" \/>\n<meta property=\"og:url\" content=\"https:\/\/www.lojadomandela3d.biz\/product\/low-poly-frog-6748d3a9d76ce\/\" \/>\n<meta property=\"og:site_name\" content=\"MyStore - By STLFLIX\" \/>\n<meta property=\"article:publisher\" content=\"https:\/\/www.facebook.com\/STLFLIX\" \/>\n<meta property=\"article:modified_time\" content=\"2024-12-22T12:33:34+00:00\" \/>\n<meta property=\"og:image\" content=\"https:\/\/www.lojadomandela3d.biz\/wp-content\/uploads\/2024\/11\/thumb_908ed2be85.jpg\" \/>\n\t<meta property=\"og:image:width\" content=\"1080\" \/>\n\t<meta property=\"og:image:height\" content=\"1350\" \/>\n\t<meta property=\"og:image:type\" content=\"image\/jpeg\" \/>\n<meta name=\"twitter:card\" content=\"summary_large_image\" \/>\n<meta name=\"twitter:label1\" content=\"Est. reading time\" \/>\n\t<meta name=\"twitter:data1\" content=\"1 minute\" \/>\n<script type=\"application\/ld+json\" class=\"yoast-schema-graph\">{\"@context\":\"https:\/\/schema.org\",\"@graph\":[{\"@type\":\"WebPage\",\"@id\":\"https:\/\/www.lojadomandela3d.biz\/product\/low-poly-frog-6748d3a9d76ce\/\",\"url\":\"https:\/\/www.lojadomandela3d.biz\/product\/low-poly-frog-6748d3a9d76ce\/\",\"name\":\"Sapo mont\u00e1vel - MyStore - By STLFLIX\",\"isPartOf\":{\"@id\":\"https:\/\/my.stlflix.com\/tr\/#website\"},\"primaryImageOfPage\":{\"@id\":\"https:\/\/www.lojadomandela3d.biz\/product\/low-poly-frog-6748d3a9d76ce\/#primaryimage\"},\"image\":{\"@id\":\"https:\/\/www.lojadomandela3d.biz\/product\/low-poly-frog-6748d3a9d76ce\/#primaryimage\"},\"thumbnailUrl\":\"https:\/\/www.monitorstlflix.online\/wp-content\/uploads\/2024\/11\/thumb_908ed2be85.jpg\",\"datePublished\":\"2024-11-28T20:45:28+00:00\",\"dateModified\":\"2024-12-22T12:33:34+00:00\",\"breadcrumb\":{\"@id\":\"https:\/\/www.lojadomandela3d.biz\/product\/low-poly-frog-6748d3a9d76ce\/#breadcrumb\"},\"inLanguage\":\"pt-BR\",\"potentialAction\":[{\"@type\":\"ReadAction\",\"target\":[\"https:\/\/www.lojadomandela3d.biz\/product\/low-poly-frog-6748d3a9d76ce\/\"]}]},{\"@type\":\"ImageObject\",\"inLanguage\":\"pt-BR\",\"@id\":\"https:\/\/www.lojadomandela3d.biz\/product\/low-poly-frog-6748d3a9d76ce\/#primaryimage\",\"url\":\"https:\/\/www.monitorstlflix.online\/wp-content\/uploads\/2024\/11\/thumb_908ed2be85.jpg\",\"contentUrl\":\"https:\/\/www.monitorstlflix.online\/wp-content\/uploads\/2024\/11\/thumb_908ed2be85.jpg\",\"width\":1080,\"height\":1350},{\"@type\":\"BreadcrumbList\",\"@id\":\"https:\/\/www.lojadomandela3d.biz\/product\/low-poly-frog-6748d3a9d76ce\/#breadcrumb\",\"itemListElement\":[{\"@type\":\"ListItem\",\"position\":1,\"name\":\"Home\",\"item\":\"https:\/\/my.stlflix.com\/pt-br\/\"},{\"@type\":\"ListItem\",\"position\":2,\"name\":\"Products\",\"item\":\"https:\/\/my.stlflix.com\/fr\/shop\/\"},{\"@type\":\"ListItem\",\"position\":3,\"name\":\"Sapo mont\u00e1vel\"}]},{\"@type\":\"WebSite\",\"@id\":\"https:\/\/my.stlflix.com\/tr\/#website\",\"url\":\"https:\/\/my.stlflix.com\/tr\/\",\"name\":\"MyStore - By STLFLIX\",\"description\":\"\",\"publisher\":{\"@id\":\"https:\/\/my.stlflix.com\/tr\/#organization\"},\"potentialAction\":[{\"@type\":\"SearchAction\",\"target\":{\"@type\":\"EntryPoint\",\"urlTemplate\":\"https:\/\/my.stlflix.com\/tr\/?s={search_term_string}\"},\"query-input\":{\"@type\":\"PropertyValueSpecification\",\"valueRequired\":true,\"valueName\":\"search_term_string\"}}],\"inLanguage\":\"pt-BR\"},{\"@type\":\"Organization\",\"@id\":\"https:\/\/my.stlflix.com\/tr\/#organization\",\"name\":\"MyStore - By STLFLIX\",\"url\":\"https:\/\/my.stlflix.com\/tr\/\",\"logo\":{\"@type\":\"ImageObject\",\"inLanguage\":\"pt-BR\",\"@id\":\"https:\/\/my.stlflix.com\/tr\/#\/schema\/logo\/image\/\",\"url\":\"https:\/\/my.stlflix.com\/wp-content\/uploads\/2024\/06\/logo-mystore.png\",\"contentUrl\":\"https:\/\/my.stlflix.com\/wp-content\/uploads\/2024\/06\/logo-mystore.png\",\"width\":150,\"height\":41,\"caption\":\"MyStore - By STLFLIX\"},\"image\":{\"@id\":\"https:\/\/my.stlflix.com\/tr\/#\/schema\/logo\/image\/\"},\"sameAs\":[\"https:\/\/www.facebook.com\/STLFLIX\",\"https:\/\/www.instagram.com\/stlflix_\/\",\"https:\/\/www.tiktok.com\/@stlflix\"]}]}<\/script>\n<!-- \/ Yoast SEO plugin. -->","yoast_head_json":{"title":"Sapo mont\u00e1vel - MyStore - By STLFLIX","robots":{"index":"index","follow":"follow","max-snippet":"max-snippet:-1","max-image-preview":"max-image-preview:large","max-video-preview":"max-video-preview:-1"},"canonical":"https:\/\/www.lojadomandela3d.biz\/product\/low-poly-frog-6748d3a9d76ce\/","og_locale":"pt_BR","og_type":"article","og_title":"Sapo mont\u00e1vel - MyStore - By STLFLIX","og_description":"\ud83d\udc38\u2728\u00a0Conhe\u00e7a o Sapo 3D Mont\u00e1vel!\u00a0\u2728\ud83d\udc38 Este incr\u00edvel sapo foi projetado especialmente para quem ama divers\u00e3o e criatividade! \ud83c\udfa8\ud83d\udee0\ufe0f \ud83d\udfe2\u00a0Visual moderno: Linhas geom\u00e9tricas e cores vibrantes, com corpo verde, barriga branca e p\u00e9s laranjas! \ud83e\udde9\u00a0Desmont\u00e1vel e mont\u00e1vel: Transforme cada pe\u00e7a em um desafio e redescubra o sapo quantas vezes quiser! \ud83c\udf1f\u00a0Feito com impress\u00e3o 3D: Um toque [&hellip;]","og_url":"https:\/\/www.lojadomandela3d.biz\/product\/low-poly-frog-6748d3a9d76ce\/","og_site_name":"MyStore - By STLFLIX","article_publisher":"https:\/\/www.facebook.com\/STLFLIX","article_modified_time":"2024-12-22T12:33:34+00:00","og_image":[{"width":1080,"height":1350,"url":"https:\/\/www.lojadomandela3d.biz\/wp-content\/uploads\/2024\/11\/thumb_908ed2be85.jpg","type":"image\/jpeg"}],"twitter_card":"summary_large_image","twitter_misc":{"Est. reading time":"1 minute"},"schema":{"@context":"https:\/\/schema.org","@graph":[{"@type":"WebPage","@id":"https:\/\/www.lojadomandela3d.biz\/product\/low-poly-frog-6748d3a9d76ce\/","url":"https:\/\/www.lojadomandela3d.biz\/product\/low-poly-frog-6748d3a9d76ce\/","name":"Sapo mont\u00e1vel - MyStore - By STLFLIX","isPartOf":{"@id":"https:\/\/my.stlflix.com\/tr\/#website"},"primaryImageOfPage":{"@id":"https:\/\/www.lojadomandela3d.biz\/product\/low-poly-frog-6748d3a9d76ce\/#primaryimage"},"image":{"@id":"https:\/\/www.lojadomandela3d.biz\/product\/low-poly-frog-6748d3a9d76ce\/#primaryimage"},"thumbnailUrl":"https:\/\/www.monitorstlflix.online\/wp-content\/uploads\/2024\/11\/thumb_908ed2be85.jpg","datePublished":"2024-11-28T20:45:28+00:00","dateModified":"2024-12-22T12:33:34+00:00","breadcrumb":{"@id":"https:\/\/www.lojadomandela3d.biz\/product\/low-poly-frog-6748d3a9d76ce\/#breadcrumb"},"inLanguage":"pt-BR","potentialAction":[{"@type":"ReadAction","target":["https:\/\/www.lojadomandela3d.biz\/product\/low-poly-frog-6748d3a9d76ce\/"]}]},{"@type":"ImageObject","inLanguage":"pt-BR","@id":"https:\/\/www.lojadomandela3d.biz\/product\/low-poly-frog-6748d3a9d76ce\/#primaryimage","url":"https:\/\/www.monitorstlflix.online\/wp-content\/uploads\/2024\/11\/thumb_908ed2be85.jpg","contentUrl":"https:\/\/www.monitorstlflix.online\/wp-content\/uploads\/2024\/11\/thumb_908ed2be85.jpg","width":1080,"height":1350},{"@type":"BreadcrumbList","@id":"https:\/\/www.lojadomandela3d.biz\/product\/low-poly-frog-6748d3a9d76ce\/#breadcrumb","itemListElement":[{"@type":"ListItem","position":1,"name":"Home","item":"https:\/\/my.stlflix.com\/pt-br\/"},{"@type":"ListItem","position":2,"name":"Products","item":"https:\/\/my.stlflix.com\/fr\/shop\/"},{"@type":"ListItem","position":3,"name":"Sapo mont\u00e1vel"}]},{"@type":"WebSite","@id":"https:\/\/my.stlflix.com\/tr\/#website","url":"https:\/\/my.stlflix.com\/tr\/","name":"MyStore - By STLFLIX","description":"","publisher":{"@id":"https:\/\/my.stlflix.com\/tr\/#organization"},"potentialAction":[{"@type":"SearchAction","target":{"@type":"EntryPoint","urlTemplate":"https:\/\/my.stlflix.com\/tr\/?s={search_term_string}"},"query-input":{"@type":"PropertyValueSpecification","valueRequired":true,"valueName":"search_term_string"}}],"inLanguage":"pt-BR"},{"@type":"Organization","@id":"https:\/\/my.stlflix.com\/tr\/#organization","name":"MyStore - By STLFLIX","url":"https:\/\/my.stlflix.com\/tr\/","logo":{"@type":"ImageObject","inLanguage":"pt-BR","@id":"https:\/\/my.stlflix.com\/tr\/#\/schema\/logo\/image\/","url":"https:\/\/my.stlflix.com\/wp-content\/uploads\/2024\/06\/logo-mystore.png","contentUrl":"https:\/\/my.stlflix.com\/wp-content\/uploads\/2024\/06\/logo-mystore.png","width":150,"height":41,"caption":"MyStore - By STLFLIX"},"image":{"@id":"https:\/\/my.stlflix.com\/tr\/#\/schema\/logo\/image\/"},"sameAs":["https:\/\/www.facebook.com\/STLFLIX","https:\/\/www.instagram.com\/stlflix_\/","https:\/\/www.tiktok.com\/@stlflix"]}]}},"_links":{"self":[{"href":"https:\/\/www.monitorstlflix.online\/pt-br\/wp-json\/wp\/v2\/product\/176361","targetHints":{"allow":["GET"]}}],"collection":[{"href":"https:\/\/www.monitorstlflix.online\/pt-br\/wp-json\/wp\/v2\/product"}],"about":[{"href":"https:\/\/www.monitorstlflix.online\/pt-br\/wp-json\/wp\/v2\/types\/product"}],"replies":[{"embeddable":true,"href":"https:\/\/www.monitorstlflix.online\/pt-br\/wp-json\/wp\/v2\/comments?post=176361"}],"wp:featuredmedia":[{"embeddable":true,"href":"https:\/\/www.monitorstlflix.online\/pt-br\/wp-json\/wp\/v2\/media\/164295"}],"wp:attachment":[{"href":"https:\/\/www.monitorstlflix.online\/pt-br\/wp-json\/wp\/v2\/media?parent=176361"}],"wp:term":[{"taxonomy":"product_brand","embeddable":true,"href":"https:\/\/www.monitorstlflix.online\/pt-br\/wp-json\/wp\/v2\/product_brand?post=176361"},{"taxonomy":"product_cat","embeddable":true,"href":"https:\/\/www.monitorstlflix.online\/pt-br\/wp-json\/wp\/v2\/product_cat?post=176361"},{"taxonomy":"product_tag","embeddable":true,"href":"https:\/\/www.monitorstlflix.online\/pt-br\/wp-json\/wp\/v2\/product_tag?post=176361"}],"curies":[{"name":"wp","href":"https:\/\/api.w.org\/{rel}","templated":true}]}}